{"id":8117,"date":"2020-03-31T18:22:27","date_gmt":"2020-03-31T17:22:27","guid":{"rendered":"https:\/\/spanishinagualivar.com\/una-escuela-de-espanol-en-malaga\/"},"modified":"2021-06-08T17:31:27","modified_gmt":"2021-06-08T16:31:27","slug":"escuela-de-espanol-en-malaga","status":"publish","type":"page","link":"https:\/\/spanishinagualivar.com\/es\/escuela-de-espanol-en-malaga\/","title":{"rendered":"Nuestra escuela"},"content":{"rendered":"<p>[et_pb_section fb_built=\u00bb1&#8243; fullwidth=\u00bbon\u00bb _builder_version=\u00bb4.0.6&#8243;][et_pb_fullwidth_header title=\u00bbAPRENDE ESPA\u00d1OL EN ESPA\u00d1A\u00bb subhead=\u00bbM\u00c1S SOBRE NUESTRA CASA Y ESCUELA DE INMERSI\u00d3N\u00bb _builder_version=\u00bb4.0.9&#8243; title_font=\u00bbOpen Sans Condensed|700|||||||\u00bb title_text_align=\u00bbcenter\u00bb title_text_color=\u00bb#8fa706&#8243; title_font_size=\u00bb49px\u00bb content_font=\u00bbOpen Sans||||||||\u00bb content_text_align=\u00bbcenter\u00bb content_text_color=\u00bb#000000&#8243; subhead_font=\u00bbOpen Sans|700|||||||\u00bb subhead_text_align=\u00bbcenter\u00bb subhead_text_color=\u00bb#8fa706&#8243; subhead_font_size=\u00bb23px\u00bb subhead_line_height=\u00bb2em\u00bb background_color=\u00bb#ffffff\u00bb custom_margin=\u00bb||-35px|||\u00bb animation_style=\u00bbslide\u00bb]La escuela est\u00e1 situada en La Axarqu\u00eda, una regi\u00f3n al este de M\u00e1laga, al sur de Espa\u00f1a. Bordeada por Sierra de Tejeda, Almijara y Alhama, desde Agualivar Spanish School se puede ver el pico m\u00e1s alto de la regi\u00f3n, \u201cLa Maroma\u201d. Si miras hacia el sur, tienes vistas del Mar Mediterr\u00e1neo y sus playas a solo 300 metros. Nuestra localizaci\u00f3n te permite caminar a la playa y al mismo tiempo encontrar la tranquilidad que necesitas para aprender espa\u00f1ol.[\/et_pb_fullwidth_header][\/et_pb_section][et_pb_section fb_built=\u00bb1&#8243; _builder_version=\u00bb4.0.6&#8243; custom_margin=\u00bb-60px|||||\u00bb custom_padding=\u00bb0px|||||\u00bb][et_pb_row _builder_version=\u00bb4.0.6&#8243;][et_pb_column type=\u00bb4_4&#8243; _builder_version=\u00bb4.0.6&#8243;][et_pb_text _builder_version=\u00bb4.0.6&#8243; text_font_size=\u00bb18px\u00bb text_line_height=\u00bb1.5em\u00bb animation_style=\u00bbslide\u00bb]<\/p>\n<blockquote>\n<p style=\"text-align: center;\"><em>Queremos que te sientas como en casa y no solo como un turista m\u00e1s. Convi\u00e9rtete en un viajero con nosotros. Vive una inmersi\u00f3n real y aprende espa\u00f1ol en Espa\u00f1a pero en un lugar diferente y de una manera distinta.<\/em><\/p>\n<\/blockquote>\n<p>[\/et_pb_text][\/et_pb_column][\/et_pb_row][\/et_pb_section][et_pb_section fb_built=\u00bb1&#8243; _builder_version=\u00bb4.0.6&#8243; custom_margin=\u00bb-83px|||||\u00bb][et_pb_row column_structure=\u00bb1_2,1_2&#8243; _builder_version=\u00bb4.0.6&#8243;][et_pb_column type=\u00bb1_2&#8243; _builder_version=\u00bb4.0.6&#8243;][et_pb_blurb title=\u00bbNuestro d\u00eda a d\u00eda\u00bb _builder_version=\u00bb4.6.6&#8243; header_level=\u00bbh1&#8243; header_font=\u00bbOpen Sans Condensed|700|||||||\u00bb header_text_color=\u00bb#8fa706&#8243; body_text_align=\u00bbjustify\u00bb]<\/p>\n<p>Somos Estefan\u00eda y Elisabeth, profesoras de espa\u00f1ol y co-propietarias de Agualivar. Pero sobre todos somos una familia. \ud83d\ude42 Los estudiantes viven con nuestra madre, Carmen, pero nosotras estamos desde el desayuno hasta la cena para compartir nuestro tiempo con los estudiantes. Nuestra madre es una persona positiva y le gusta compartir su tiempo hablando con los estudiantes. A veces, ella se unen a nosotros en las comidas.<\/p>\n<p>Nuestro d\u00eda a d\u00eda tiene que ver con cuidar y mantener la casa y la finca. Como podr\u00e1s ver, estamos rodeados de \u00e1rboles frutales, tenemos un huerto y un corral. Cada d\u00eda hay trabajo para hacer. Los estudiantes tienen la oportunidad de vivir una inmersi\u00f3n en espa\u00f1ol real.<\/p>\n<p>Oh! \u00a1Casi lo olvidamos! Tenemos una mascota que se llama \u00abPollo\u00bb, es un loro amaz\u00f3nico. No es muy hablador pero es amable y le gusta imitar nuestra risa :<\/p>\n<p>&nbsp;<\/p>\n<p>[\/et_pb_blurb][\/et_pb_column][et_pb_column type=\u00bb1_2&#8243; _builder_version=\u00bb4.0.6&#8243;][et_pb_video src=\u00bbhttps:\/\/youtu.be\/lpSDFOReqk4&#8243; _builder_version=\u00bb4.0.6&#8243;][\/et_pb_video][\/et_pb_column][\/et_pb_row][\/et_pb_section][et_pb_section fb_built=\u00bb1&#8243; _builder_version=\u00bb4.0.6&#8243;][et_pb_row column_structure=\u00bb1_2,1_2&#8243; _builder_version=\u00bb4.0.6&#8243;][et_pb_column type=\u00bb1_2&#8243; _builder_version=\u00bb4.0.6&#8243;][et_pb_blurb title=\u00bbTu Hogar y Escuela en Espa\u00f1a\u00bb use_icon=\u00bbon\u00bb font_icon=\u00bb%%236%%\u00bb icon_placement=\u00bbleft\u00bb use_icon_font_size=\u00bbon\u00bb _builder_version=\u00bb4.4.2&#8243; header_level=\u00bbh1&#8243; header_font=\u00bbOpen Sans Condensed|700|||||||\u00bb header_text_color=\u00bb#8fa706&#8243;]<\/p>\n<h3><strong>Casa Agualivar<\/strong><\/h3>\n<p>Nuestra escuela es una preciosa casa con vistas al mar. Tenemos amplias y luminosas habitaciones con vistas. Un gran sal\u00f3n con TV, biblioteca, pel\u00edculas siempre a la disposici\u00f3n de los estudiantes.<\/p>\n<p>Adem\u00e1s, nuestra casa est\u00e1 rodeada de \u00e1rboles tropicales, tenemos un huerto y un corral. Una fant\u00e1stica piscina infinity para relajarse o tomar un ba\u00f1o antes o despu\u00e9s de las clases! &#x1f609;<\/p>\n<p>Resumiendo, alojamiento de calidad para que los estudiantes se sientas c\u00f3modos y relajados.<\/p>\n<p>[\/et_pb_blurb][et_pb_blurb title=\u00bbNuestra Finca\u00bb title_tablet=\u00bb\u00bb title_phone=\u00bb\u00bb title_last_edited=\u00bbon|desktop\u00bb _builder_version=\u00bb4.4.2&#8243; header_level=\u00bbh3&#8243; header_font=\u00bbOpen Sans Condensed|700|||||||\u00bb custom_padding=\u00bb|||44px||\u00bb title__hover_enabled=\u00bbon|desktop\u00bb]<\/p>\n<p>En Agualivar cultivamos nuestras propias verduras, frutas y tenemos nuestros pollos y huevos. Ven y descubre un estilo de vida muy natural. Aprende espa\u00f1ol formado parte de nuestro d\u00eda a d\u00eda. Disfruta de unas comidas deliciosas con todo tipo de frutas bio y verduras frescas.<\/p>\n<p>Estas son algunas de las cosas sabrosas que podr\u00e1s probar y ayudarnos a recoger. \u00a1Disfruta! &#x1f642;<\/p>\n<p>&nbsp;<\/p>\n<p>[\/et_pb_blurb][\/et_pb_column][et_pb_column type=\u00bb1_2&#8243; _builder_version=\u00bb4.0.6&#8243;][et_pb_image src=\u00bbhttps:\/\/spanishinagualivar.com\/wp-content\/uploads\/2015\/10\/agualivar-spanish-school-e1454427814175.jpg\u00bb _builder_version=\u00bb4.0.6&#8243;][\/et_pb_image][et_pb_gallery gallery_ids=\u00bb3845,3846,3847,3849,6629,4789&#8243; posts_number=\u00bb2&#8243; show_title_and_caption=\u00bboff\u00bb show_pagination=\u00bboff\u00bb _builder_version=\u00bb4.4.2&#8243; locked=\u00bboff\u00bb][\/et_pb_gallery][\/et_pb_column][\/et_pb_row][\/et_pb_section][et_pb_section fb_built=\u00bb1&#8243; _builder_version=\u00bb4.0.6&#8243;][et_pb_row _builder_version=\u00bb4.0.6&#8243;][et_pb_column type=\u00bb4_4&#8243; _builder_version=\u00bb4.0.6&#8243;][et_pb_text _builder_version=\u00bb4.0.6&#8243; text_font=\u00bbOpen Sans|700|||||||\u00bb text_font_size=\u00bb22px\u00bb header_font=\u00bbOpen Sans|700|||||||\u00bb header_text_align=\u00bbcenter\u00bb text_orientation=\u00bbcenter\u00bb animation_style=\u00bbslide\u00bb border_width_bottom=\u00bb3px\u00bb border_color_bottom=\u00bb#8fa706&#8243;]<\/p>\n<h1><strong>Nuestras reglas\u00a0 &amp; Normas de comportamiento<\/strong><\/h1>\n<p>[\/et_pb_text][\/et_pb_column][\/et_pb_row][\/et_pb_section][et_pb_section fb_built=\u00bb1&#8243; _builder_version=\u00bb4.0.6&#8243; custom_margin=\u00bb-69px|||||\u00bb custom_padding=\u00bb0px|||||\u00bb][et_pb_row column_structure=\u00bb1_2,1_2&#8243; _builder_version=\u00bb4.0.6&#8243;][et_pb_column type=\u00bb1_2&#8243; _builder_version=\u00bb4.0.6&#8243;][et_pb_blurb title=\u00bbCuida de nuestra casa como si fuera la tuya\u00bb use_icon=\u00bbon\u00bb font_icon=\u00bb%%202%%\u00bb icon_placement=\u00bbleft\u00bb _builder_version=\u00bb4.0.6&#8243; header_font=\u00bbOpen Sans|700|||||||\u00bb body_font=\u00bbOpen Sans||||||||\u00bb body_text_align=\u00bbjustify\u00bb]Vivir con una familia te dar\u00e1 la oportunidad de vivir una inmersi\u00f3n real en espa\u00f1ol pero tambi\u00e9n requiere que te adaptes a ciertas reglas y ser respetuoso con la familia y la casa.[\/et_pb_blurb][et_pb_blurb title=\u00bbEl alcohol no est\u00e1 permitido en casa\u00bb use_icon=\u00bbon\u00bb font_icon=\u00bb%%202%%\u00bb icon_placement=\u00bbleft\u00bb _builder_version=\u00bb4.0.6&#8243; header_font=\u00bbOpen Sans|700|||||||\u00bb body_font=\u00bbOpen Sans||||||||\u00bb body_text_align=\u00bbjustify\u00bb]Nuestra escuela es nuestra casa tambi\u00e9n. Con el objetivo de evitar situaciones no deseadas, el consumo de alcohol no est\u00e1 permitido en la casa. Sin embargo, los estudiantes tienen suficiente tiempo libre durante la inmersi\u00f3n para ir al pueblo y visitar restaurantes o bares.[\/et_pb_blurb][\/et_pb_column][et_pb_column type=\u00bb1_2&#8243; _builder_version=\u00bb4.0.6&#8243;][et_pb_blurb title=\u00bbAsistencia obligatoria\u00bb use_icon=\u00bbon\u00bb font_icon=\u00bb%%202%%\u00bb icon_placement=\u00bbleft\u00bb _builder_version=\u00bb4.0.6&#8243; header_font=\u00bbOpen Sans|700|||||||\u00bb body_font=\u00bbOpen Sans||||||||\u00bb body_text_align=\u00bbjustify\u00bb]Nuestra casa est\u00e1 abierta solo a estudiantes de espa\u00f1ol, por tanto, asistir a las clases es totalmente necesario. No aceptamos personas en nuestra casa si no est\u00e1n suficientemente comprometidos con el curso.[\/et_pb_blurb][et_pb_blurb title=\u00bbS\u00e9 educado y respetuoso\u00bb use_icon=\u00bbon\u00bb font_icon=\u00bb%%202%%\u00bb icon_placement=\u00bbleft\u00bb _builder_version=\u00bb4.0.6&#8243; header_font=\u00bbOpen Sans|700|||||||\u00bb body_font=\u00bbOpen Sans||||||||\u00bb body_text_align=\u00bbjustify\u00bb]Mientras vivas con tu familia anfitriona, intenta evitar malos comportamiento como invitar a personas a pasar la noche, hacer ruidos molestos, fumar en las habitaciones, hacer fiestas, consumir alcohol o de cualquier droga o sustancia da\u00f1ina.[\/et_pb_blurb][\/et_pb_column][\/et_pb_row][\/et_pb_section]<\/p>\n","protected":false},"excerpt":{"rendered":"<p>La escuela est\u00e1 situada en La Axarqu\u00eda, una regi\u00f3n al este de M\u00e1laga, al sur de Espa\u00f1a. Bordeada por Sierra de Tejeda, Almijara y Alhama, desde Agualivar Spanish School se puede ver el pico m\u00e1s alto de la regi\u00f3n, \u201cLa Maroma\u201d. Si miras hacia el sur, tienes vistas del Mar Mediterr\u00e1neo y sus playas a [&hellip;]<\/p>\n","protected":false},"author":2,"featured_media":0,"parent":0,"menu_order":0,"comment_status":"closed","ping_status":"closed","template":"","meta":{"_et_pb_use_builder":"on","_et_pb_old_content":"<h3 class=\"title\" style=\"color: #8fa706;\">LEARN SPANISH IN SPAIN: MORE ABOUT OUR HOUSE AND IMMERSION SCHOOL<\/h3>\r\n<p class=\"sub-heading\" style=\"color: #b5b5b5;\">The school is located in the Axarquia, a region east of Malaga, southern Spain. Flanked by the Sierra de Tejeda, Almijara and Alhama, from Agualivar Spanish School you can see the highest peak of the region, \u201cThe Maroma\u201d. And if you look southwards, you have a view of the Mediterranean Sea and its beaches just 300 metres away. Our location allows you to walk to the beach and but at the same time, find the relaxation you need to learn Spanish.<\/p>\r\n\r\n<blockquote>\r\n<p style=\"text-align: center;\"><em>We want you to feel at home and not just like any other tourist. Become a traveller with us. \u00a0Live the experience of a real Spanish immersion and learn Spanish in Spain but in a different setting and in a different way.<\/em><\/p>\r\n<\/blockquote>\r\n<h3 class=\"widget-title\">ONE DAY IN AGUALIVAR<\/h3>\r\n<h3 style=\"text-align: justify;\"><span style=\"color: #8fa706;\"><strong>Our every day\u00a0life<\/strong><\/span><\/h3>\r\n<p style=\"text-align: justify;\">We are Estefan\u00eda and Elisabeth, Spanish teachers and co-owners of Agualivar. But most of all, we are a family. :) We live with our parents, Carmen and Jose. They are retired, although they have another idea of what \"retired\" means. They are very active, positive and like to share their time speaking with the students.<\/p>\r\n<p style=\"text-align: justify;\">Our everyday life envolves around the\u00a0care and maintenance of our house and land. As you will see we are surrounded by fruit trees, we have a vegetables garden and a coop chicken. Every day we take care of the garden, clean the swimming pool, collect fruits and vegetables, feed the chickens, etc. This way students have the chance to live a real Spanish immersion.<\/p>\r\n<p style=\"text-align: justify;\">Oh! We almost forgot! We have also a pet called \u201cPollo\u201d, it\u2019s an amazonic parrot. Pollo isn\u2019t so talkative but he is friendly and continuously laughing. :)<\/p>\r\n\r\n<h3 class=\"widget-title\">YOUR HOUSE AND SCHOOL IN SPAIN<\/h3>\r\n<h3 style=\"text-align: justify;\"><span style=\"color: #8fa706;\">Agualivar House<\/span><\/h3>\r\n<p style=\"text-align: justify;\">Our school is located in a stunning beachfront Villa. We have spacious and bright rooms with sea views. Spacios living rooms with TV, library and video library always at your disposal.<\/p>\r\n<p style=\"text-align: justify;\">Besides, our house is surrounded by tropical and olive trees, with our own vegetables garden\u00a0and chicken coop. An amazing pool faces the sea for relaxing after the lessons or taking a dip before them! ;)<\/p>\r\n<p style=\"text-align: justify;\">To sum up, hight quality accommodation to makes our students feel very comfortable and relaxed.<\/p>\r\n<img src=\"https:\/\/spanishinagualivar.com\/wp-content\/uploads\/2016\/02\/learn_spanish_with_a_spanish_family.jpg\" alt=\"\" width=\"700\" height=\"467\" \/>\r\n<h3 class=\"widget-title\">OUR FARM<\/h3>\r\n<p style=\"text-align: justify;\">In Agualivar Spanish Immersion School we grow our own vegetables, fruits and we have our chickens and eggs! Join us and discover a very natural lifestyle. Learn Spanish taking part in our every day life. And enjoy delicious breakfast, lunch and dinners with all kind of fruit and organic & fresh vegetables.<\/p>\r\n<p style=\"text-align: justify;\">These are some of the tasteful things you will be able to try and help us to grow or pick them! Enjoy! :)<\/p>\r\n\u00a0\r\n<figure class=\"gallery-item\"><img class=\"attachment-medium size-medium\" src=\"https:\/\/spanishinagualivar.com\/wp-content\/uploads\/2016\/02\/spanish_school_and_tropical_fruits-274x300.jpg\" sizes=\"(max-width: 274px) 100vw, 274px\" srcset=\"https:\/\/spanishinagualivar.com\/wp-content\/uploads\/2016\/02\/spanish_school_and_tropical_fruits-274x300.jpg 274w, https:\/\/spanishinagualivar.com\/wp-content\/uploads\/2016\/02\/spanish_school_and_tropical_fruits-75x82.jpg 75w, https:\/\/spanishinagualivar.com\/wp-content\/uploads\/2016\/02\/spanish_school_and_tropical_fruits.jpg 300w\" alt=\"Spanish School and tropical fruits\" width=\"274\" height=\"300\" \/><\/figure>\r\n<figure class=\"gallery-item\"><img class=\"attachment-medium size-medium\" src=\"https:\/\/spanishinagualivar.com\/wp-content\/uploads\/2016\/02\/spanish_school_and_farm-274x300.jpg\" sizes=\"(max-width: 274px) 100vw, 274px\" srcset=\"https:\/\/spanishinagualivar.com\/wp-content\/uploads\/2016\/02\/spanish_school_and_farm-274x300.jpg 274w, https:\/\/spanishinagualivar.com\/wp-content\/uploads\/2016\/02\/spanish_school_and_farm-75x82.jpg 75w, https:\/\/spanishinagualivar.com\/wp-content\/uploads\/2016\/02\/spanish_school_and_farm.jpg 300w\" alt=\"Spanish School and farm\" width=\"274\" height=\"300\" \/><\/figure>\r\n<figure class=\"gallery-item\"><img class=\"attachment-medium size-medium\" src=\"https:\/\/spanishinagualivar.com\/wp-content\/uploads\/2016\/02\/spanish_school_and_orchard-275x300.jpg\" sizes=\"(max-width: 275px) 100vw, 275px\" srcset=\"https:\/\/spanishinagualivar.com\/wp-content\/uploads\/2016\/02\/spanish_school_and_orchard-275x300.jpg 275w, https:\/\/spanishinagualivar.com\/wp-content\/uploads\/2016\/02\/spanish_school_and_orchard-75x82.jpg 75w, https:\/\/spanishinagualivar.com\/wp-content\/uploads\/2016\/02\/spanish_school_and_orchard.jpg 300w\" alt=\"Spanish school and orchard\" width=\"275\" height=\"300\" \/><\/figure>\r\n\u00a0\r\n<h3 class=\"widget-title\">STANDARDS OF BEHAVIOUR<\/h3>\r\n<h3><span style=\"color: #8fa706;\"><strong>Standards of behavior<\/strong><\/span><\/h3>\r\n<ul>\r\n \t<li>Take care of our house as well as it was your own. This is the main premise.<\/li>\r\n \t<li>Smoking is not allowed inside the house. However smoking is permitted outdoor.<\/li>\r\n \t<li>Be polite and respectful. Try to avoid annoying noise at inappropriate times.<\/li>\r\n<\/ul>\r\n<h3><span style=\"color: #8fa706;\"><strong>Sustainable measures adopted<\/strong><\/span><\/h3>\r\n<ul>\r\n \t<li>Water from our own well<\/li>\r\n \t<li>Solar heating for hot water<\/li>\r\n \t<li>Fresh and Healthy Food in the menus<\/li>\r\n \t<li>Organic production of vegetables, fruits and eggs<\/li>\r\n \t<li>Swimming pool with re-use system and salt treatment<\/li>\r\n \t<li>Recycling waste: We have different types of bins, for plastic, paper, organic and glass<\/li>\r\n \t<li>We promote the use of local products: olive oil, aloe vera, avocates, handcrafts\u2026<\/li>\r\n<\/ul>\r\n<strong>Be responsible with the energy and water use! \u00a1Thank you!<\/strong>","_et_gb_content_width":"","footnotes":""},"class_list":["post-8117","page","type-page","status-publish","hentry"],"yoast_head":"<!-- This site is optimized with the Yoast SEO plugin v27.4 - https:\/\/yoast.com\/product\/yoast-seo-wordpress\/ -->\n<title>Escuela de inmersi\u00f3n en espa\u00f1ol en M\u00e1laga<\/title>\n<meta name=\"description\" content=\"\u00bfBuscas una escuela de inmersi\u00f3n en espa\u00f1ol en M\u00e1laga? Gana la confianza que necesitas hablando. M\u00e1s de 10 horas de espa\u00f1ol al d\u00eda.\" \/>\n<meta name=\"robots\" content=\"index, follow, max-snippet:-1, max-image-preview:large, max-video-preview:-1\" \/>\n<link rel=\"canonical\" href=\"https:\/\/spanishinagualivar.com\/es\/escuela-de-espanol-en-malaga\/\" \/>\n<meta property=\"og:locale\" content=\"es_ES\" \/>\n<meta property=\"og:type\" content=\"article\" \/>\n<meta property=\"og:title\" content=\"Escuela de inmersi\u00f3n en espa\u00f1ol en M\u00e1laga\" \/>\n<meta property=\"og:description\" content=\"\u00bfBuscas una escuela de inmersi\u00f3n en espa\u00f1ol en M\u00e1laga? Gana la confianza que necesitas hablando. M\u00e1s de 10 horas de espa\u00f1ol al d\u00eda.\" \/>\n<meta property=\"og:url\" content=\"https:\/\/spanishinagualivar.com\/es\/escuela-de-espanol-en-malaga\/\" \/>\n<meta property=\"og:site_name\" content=\"Agualivar Spanish School\" \/>\n<meta property=\"article:modified_time\" content=\"2021-06-08T16:31:27+00:00\" \/>\n<meta name=\"twitter:card\" content=\"summary_large_image\" \/>\n<meta name=\"twitter:label1\" content=\"Tiempo de lectura\" \/>\n\t<meta name=\"twitter:data1\" content=\"6 minutos\" \/>\n<script type=\"application\/ld+json\" class=\"yoast-schema-graph\">{\"@context\":\"https:\\\/\\\/schema.org\",\"@graph\":[{\"@type\":\"WebPage\",\"@id\":\"https:\\\/\\\/spanishinagualivar.com\\\/es\\\/escuela-de-espanol-en-malaga\\\/\",\"url\":\"https:\\\/\\\/spanishinagualivar.com\\\/es\\\/escuela-de-espanol-en-malaga\\\/\",\"name\":\"Escuela de inmersi\u00f3n en espa\u00f1ol en M\u00e1laga\",\"isPartOf\":{\"@id\":\"https:\\\/\\\/spanishinagualivar.com\\\/es\\\/#website\"},\"datePublished\":\"2020-03-31T17:22:27+00:00\",\"dateModified\":\"2021-06-08T16:31:27+00:00\",\"description\":\"\u00bfBuscas una escuela de inmersi\u00f3n en espa\u00f1ol en M\u00e1laga? Gana la confianza que necesitas hablando. M\u00e1s de 10 horas de espa\u00f1ol al d\u00eda.\",\"breadcrumb\":{\"@id\":\"https:\\\/\\\/spanishinagualivar.com\\\/es\\\/escuela-de-espanol-en-malaga\\\/#breadcrumb\"},\"inLanguage\":\"es\",\"potentialAction\":[{\"@type\":\"ReadAction\",\"target\":[\"https:\\\/\\\/spanishinagualivar.com\\\/es\\\/escuela-de-espanol-en-malaga\\\/\"]}]},{\"@type\":\"BreadcrumbList\",\"@id\":\"https:\\\/\\\/spanishinagualivar.com\\\/es\\\/escuela-de-espanol-en-malaga\\\/#breadcrumb\",\"itemListElement\":[{\"@type\":\"ListItem\",\"position\":1,\"name\":\"Home\",\"item\":\"https:\\\/\\\/spanishinagualivar.com\\\/es\\\/learn-spanish-malaga\\\/\"},{\"@type\":\"ListItem\",\"position\":2,\"name\":\"Nuestra escuela\"}]},{\"@type\":\"WebSite\",\"@id\":\"https:\\\/\\\/spanishinagualivar.com\\\/es\\\/#website\",\"url\":\"https:\\\/\\\/spanishinagualivar.com\\\/es\\\/\",\"name\":\"Agualivar Spanish School\",\"description\":\"Spanish immersion in Spain\",\"potentialAction\":[{\"@type\":\"SearchAction\",\"target\":{\"@type\":\"EntryPoint\",\"urlTemplate\":\"https:\\\/\\\/spanishinagualivar.com\\\/es\\\/?s={search_term_string}\"},\"query-input\":{\"@type\":\"PropertyValueSpecification\",\"valueRequired\":true,\"valueName\":\"search_term_string\"}}],\"inLanguage\":\"es\"}]}<\/script>\n<!-- \/ Yoast SEO plugin. -->","yoast_head_json":{"title":"Escuela de inmersi\u00f3n en espa\u00f1ol en M\u00e1laga","description":"\u00bfBuscas una escuela de inmersi\u00f3n en espa\u00f1ol en M\u00e1laga? Gana la confianza que necesitas hablando. M\u00e1s de 10 horas de espa\u00f1ol al d\u00eda.","robots":{"index":"index","follow":"follow","max-snippet":"max-snippet:-1","max-image-preview":"max-image-preview:large","max-video-preview":"max-video-preview:-1"},"canonical":"https:\/\/spanishinagualivar.com\/es\/escuela-de-espanol-en-malaga\/","og_locale":"es_ES","og_type":"article","og_title":"Escuela de inmersi\u00f3n en espa\u00f1ol en M\u00e1laga","og_description":"\u00bfBuscas una escuela de inmersi\u00f3n en espa\u00f1ol en M\u00e1laga? Gana la confianza que necesitas hablando. M\u00e1s de 10 horas de espa\u00f1ol al d\u00eda.","og_url":"https:\/\/spanishinagualivar.com\/es\/escuela-de-espanol-en-malaga\/","og_site_name":"Agualivar Spanish School","article_modified_time":"2021-06-08T16:31:27+00:00","twitter_card":"summary_large_image","twitter_misc":{"Tiempo de lectura":"6 minutos"},"schema":{"@context":"https:\/\/schema.org","@graph":[{"@type":"WebPage","@id":"https:\/\/spanishinagualivar.com\/es\/escuela-de-espanol-en-malaga\/","url":"https:\/\/spanishinagualivar.com\/es\/escuela-de-espanol-en-malaga\/","name":"Escuela de inmersi\u00f3n en espa\u00f1ol en M\u00e1laga","isPartOf":{"@id":"https:\/\/spanishinagualivar.com\/es\/#website"},"datePublished":"2020-03-31T17:22:27+00:00","dateModified":"2021-06-08T16:31:27+00:00","description":"\u00bfBuscas una escuela de inmersi\u00f3n en espa\u00f1ol en M\u00e1laga? Gana la confianza que necesitas hablando. M\u00e1s de 10 horas de espa\u00f1ol al d\u00eda.","breadcrumb":{"@id":"https:\/\/spanishinagualivar.com\/es\/escuela-de-espanol-en-malaga\/#breadcrumb"},"inLanguage":"es","potentialAction":[{"@type":"ReadAction","target":["https:\/\/spanishinagualivar.com\/es\/escuela-de-espanol-en-malaga\/"]}]},{"@type":"BreadcrumbList","@id":"https:\/\/spanishinagualivar.com\/es\/escuela-de-espanol-en-malaga\/#breadcrumb","itemListElement":[{"@type":"ListItem","position":1,"name":"Home","item":"https:\/\/spanishinagualivar.com\/es\/learn-spanish-malaga\/"},{"@type":"ListItem","position":2,"name":"Nuestra escuela"}]},{"@type":"WebSite","@id":"https:\/\/spanishinagualivar.com\/es\/#website","url":"https:\/\/spanishinagualivar.com\/es\/","name":"Agualivar Spanish School","description":"Spanish immersion in Spain","potentialAction":[{"@type":"SearchAction","target":{"@type":"EntryPoint","urlTemplate":"https:\/\/spanishinagualivar.com\/es\/?s={search_term_string}"},"query-input":{"@type":"PropertyValueSpecification","valueRequired":true,"valueName":"search_term_string"}}],"inLanguage":"es"}]}},"_links":{"self":[{"href":"https:\/\/spanishinagualivar.com\/es\/wp-json\/wp\/v2\/pages\/8117","targetHints":{"allow":["GET"]}}],"collection":[{"href":"https:\/\/spanishinagualivar.com\/es\/wp-json\/wp\/v2\/pages"}],"about":[{"href":"https:\/\/spanishinagualivar.com\/es\/wp-json\/wp\/v2\/types\/page"}],"author":[{"embeddable":true,"href":"https:\/\/spanishinagualivar.com\/es\/wp-json\/wp\/v2\/users\/2"}],"replies":[{"embeddable":true,"href":"https:\/\/spanishinagualivar.com\/es\/wp-json\/wp\/v2\/comments?post=8117"}],"version-history":[{"count":32,"href":"https:\/\/spanishinagualivar.com\/es\/wp-json\/wp\/v2\/pages\/8117\/revisions"}],"predecessor-version":[{"id":9581,"href":"https:\/\/spanishinagualivar.com\/es\/wp-json\/wp\/v2\/pages\/8117\/revisions\/9581"}],"wp:attachment":[{"href":"https:\/\/spanishinagualivar.com\/es\/wp-json\/wp\/v2\/media?parent=8117"}],"curies":[{"name":"wp","href":"https:\/\/api.w.org\/{rel}","templated":true}]}}