{"id":7793,"date":"2019-11-27T16:20:53","date_gmt":"2019-11-27T15:20:53","guid":{"rendered":"https:\/\/spanishinagualivar.com\/preguntas-frecuentes\/"},"modified":"2023-11-14T20:53:20","modified_gmt":"2023-11-14T19:53:20","slug":"preguntas-frecuentes","status":"publish","type":"page","link":"https:\/\/spanishinagualivar.com\/es\/preguntas-frecuentes\/","title":{"rendered":"Preguntas frecuentes"},"content":{"rendered":"<p>[et_pb_section fb_built=\u00bb1&#8243; fullwidth=\u00bbon\u00bb _builder_version=\u00bb4.16&#8243; locked=\u00bboff\u00bb global_colors_info=\u00bb{}\u00bb][et_pb_fullwidth_header title=\u00bbPreguntas Frecuentes\u00bb subhead=\u00bbPP.FF.\u00bb _builder_version=\u00bb4.16&#8243; title_font=\u00bbOpen Sans Condensed|700|||||||\u00bb title_text_align=\u00bbcenter\u00bb title_font_size=\u00bb49px\u00bb subhead_font=\u00bbOpen Sans Condensed|300|||||||\u00bb subhead_text_align=\u00bbcenter\u00bb subhead_font_size=\u00bb28px\u00bb custom_padding=\u00bb||22px|||\u00bb global_colors_info=\u00bb{}\u00bb][\/et_pb_fullwidth_header][\/et_pb_section][et_pb_section fb_built=\u00bb1&#8243; admin_label=\u00bbAbout\u00bb _builder_version=\u00bb4.16&#8243; custom_padding=\u00bb0px|0px|90px|0px||\u00bb global_colors_info=\u00bb{}\u00bb][et_pb_row column_structure=\u00bb1_2,1_2&#8243; _builder_version=\u00bb4.16&#8243; custom_margin=\u00bb|||\u00bb global_colors_info=\u00bb{}\u00bb][et_pb_column type=\u00bb1_2&#8243; _builder_version=\u00bb4.16&#8243; custom_padding=\u00bb|||\u00bb global_colors_info=\u00bb{}\u00bb custom_padding__hover=\u00bb|||\u00bb][et_pb_blurb title=\u00bbInscripci\u00f3n\u00bb use_icon=\u00bbon\u00bb font_icon=\u00bb&#xe07b;||divi||400&#8243; icon_placement=\u00bbleft\u00bb _builder_version=\u00bb4.16&#8243; header_font=\u00bbOpen Sans Condensed|700|||||||\u00bb header_font_size=\u00bb23px\u00bb header_line_height=\u00bb1.8em\u00bb body_font=\u00bbMontserrat|300|||||||\u00bb body_font_size=\u00bb17px\u00bb body_line_height=\u00bb1.8em\u00bb custom_margin=\u00bb80px||0px|\u00bb custom_padding=\u00bb|||\u00bb global_colors_info=\u00bb{}\u00bb][\/et_pb_blurb][et_pb_toggle title=\u00bb\u00bfC\u00f3mo me registro?\u00bb _builder_version=\u00bb4.16&#8243; title_text_color=\u00bb#000000&#8243; title_font=\u00bbMontserrat|300|||||||\u00bb title_line_height=\u00bb1.8em\u00bb body_font=\u00bbMontserrat|300|||||||\u00bb body_font_size=\u00bb16px\u00bb body_line_height=\u00bb1.8em\u00bb background_color=\u00bbrgba(0,0,0,0)\u00bb custom_margin=\u00bb||0px|28px\u00bb custom_padding=\u00bb|||\u00bb border_width_all=\u00bb0px\u00bb global_colors_info=\u00bb{}\u00bb]<\/p>\n<p>Ve a la p\u00e1gina \u00abC\u00f3mo Registrarte\u00bb y sigue las siguientes pasos:<\/p>\n<p>1) Env\u00edanos el formulario que encontrar\u00e1s en la p\u00e1gina \u00abC\u00f3mo registrarte\u00bb<\/p>\n<p>2) Inscr\u00edbete y Paga el Dep\u00f3sito<\/p>\n<p>Te enviaremos un documento con m\u00e1s informaci\u00f3n sobre nuestra escuela y un test de nivel.<\/p>\n<p>[\/et_pb_toggle][et_pb_toggle title=\u00bb\u00bfCu\u00e1ndo tengo que pagar el importe completo?\u00bb _builder_version=\u00bb4.16&#8243; title_text_color=\u00bb#000000&#8243; title_font=\u00bbMontserrat|300|||||||\u00bb title_line_height=\u00bb1.8em\u00bb body_font=\u00bbMontserrat|300|||||||\u00bb body_font_size=\u00bb16px\u00bb body_line_height=\u00bb1.8em\u00bb background_color=\u00bbrgba(0,0,0,0)\u00bb custom_margin=\u00bb||0px|28px\u00bb custom_padding=\u00bb|||\u00bb border_width_all=\u00bb0px\u00bb global_colors_info=\u00bb{}\u00bb]<\/p>\n<p>El importe debe ser abonado 6 semanas antes de comenzar el curso.<\/p>\n<p>[\/et_pb_toggle][et_pb_toggle title=\u00bb\u00bfC\u00f3mo puedo pagar?\u00bb _builder_version=\u00bb4.16&#8243; title_text_color=\u00bb#000000&#8243; title_font=\u00bbMontserrat|300|||||||\u00bb title_line_height=\u00bb1.8em\u00bb body_font=\u00bbMontserrat|300|||||||\u00bb body_font_size=\u00bb16px\u00bb body_line_height=\u00bb1.8em\u00bb background_color=\u00bbrgba(0,0,0,0)\u00bb custom_margin=\u00bb||0px|28px\u00bb custom_padding=\u00bb|||\u00bb border_width_all=\u00bb0px\u00bb global_colors_info=\u00bb{}\u00bb]<\/p>\n<p>Con tarjeta de cr\u00e9dito y transferencia bancaria. Nuestra p\u00e1gina web ofrece un sistema seguro de pago.<\/p>\n<p>[\/et_pb_toggle][et_pb_toggle title=\u00bb\u00bfD\u00f3nde puedo ver los precios?\u00bb _builder_version=\u00bb4.16&#8243; title_text_color=\u00bb#000000&#8243; title_font=\u00bbMontserrat|300|||||||\u00bb title_line_height=\u00bb1.8em\u00bb body_font=\u00bbMontserrat|300|||||||\u00bb body_font_size=\u00bb16px\u00bb body_line_height=\u00bb1.8em\u00bb background_color=\u00bbrgba(0,0,0,0)\u00bb custom_margin=\u00bb||0px|28px\u00bb custom_padding=\u00bb|||\u00bb border_width_all=\u00bb0px\u00bb global_colors_info=\u00bb{}\u00bb]Ve a la p\u00e1gina de nuestro programa. En el bot\u00f3n del curso, puedes seleccionar el n\u00famero de semanas y estudiantes. La p\u00e1gina te mostrar\u00e1 el precio.[\/et_pb_toggle][et_pb_blurb title=\u00bbLa inmersi\u00f3n\u00bb use_icon=\u00bbon\u00bb font_icon=\u00bb&#xe089;||divi||400&#8243; icon_placement=\u00bbleft\u00bb _builder_version=\u00bb4.16&#8243; header_font=\u00bbOpen Sans Condensed|700|||||||\u00bb header_font_size=\u00bb23px\u00bb header_line_height=\u00bb1.8em\u00bb body_font=\u00bbMontserrat|300|||||||\u00bb body_font_size=\u00bb17px\u00bb body_line_height=\u00bb1.8em\u00bb custom_margin=\u00bb80px||0px|\u00bb custom_padding=\u00bb|||\u00bb locked=\u00bboff\u00bb global_colors_info=\u00bb{}\u00bb][\/et_pb_blurb][et_pb_toggle title=\u00bb\u00bfC\u00f3mo es una semana t\u00edpica en Agualivar?\u00bb _builder_version=\u00bb4.16&#8243; title_text_color=\u00bb#000000&#8243; title_font=\u00bbMontserrat|300|||||||\u00bb title_line_height=\u00bb1.8em\u00bb body_font=\u00bbMontserrat|300|||||||\u00bb body_font_size=\u00bb16px\u00bb body_line_height=\u00bb1.8em\u00bb background_color=\u00bbrgba(0,0,0,0)\u00bb custom_margin=\u00bb||0px|28px\u00bb custom_padding=\u00bb|||\u00bb border_width_all=\u00bb0px\u00bb locked=\u00bboff\u00bb global_colors_info=\u00bb{}\u00bb]Puedes ver el horario en la p\u00e1gina \u00abUn d\u00eda en Agualivar\u00bb.[\/et_pb_toggle][et_pb_toggle title=\u00bb\u00bfCu\u00e1ndo deber\u00eda llegar?\u00bb _builder_version=\u00bb4.16&#8243; title_text_color=\u00bb#000000&#8243; title_font=\u00bbMontserrat|300|||||||\u00bb title_line_height=\u00bb1.8em\u00bb body_font=\u00bbMontserrat|300|||||||\u00bb body_font_size=\u00bb16px\u00bb body_line_height=\u00bb1.8em\u00bb background_color=\u00bbrgba(0,0,0,0)\u00bb custom_margin=\u00bb||0px|28px\u00bb custom_padding=\u00bb|||\u00bb border_width_all=\u00bb0px\u00bb locked=\u00bboff\u00bb global_colors_info=\u00bb{}\u00bb]Despu\u00e9s de las 17:00 los domingos. No estamos en casa antes de esa hora.[\/et_pb_toggle][et_pb_toggle title=\u00bb\u00bfPuedo hablar ingl\u00e9s cuando tengo tiempo libre?\u00bb _builder_version=\u00bb4.16&#8243; title_text_color=\u00bb#000000&#8243; title_font=\u00bbMontserrat|300|||||||\u00bb title_line_height=\u00bb1.8em\u00bb body_font=\u00bbMontserrat|300|||||||\u00bb body_font_size=\u00bb16px\u00bb body_line_height=\u00bb1.8em\u00bb background_color=\u00bbrgba(0,0,0,0)\u00bb custom_margin=\u00bb||0px|28px\u00bb custom_padding=\u00bb|||\u00bb border_width_all=\u00bb0px\u00bb locked=\u00bboff\u00bb global_colors_info=\u00bb{}\u00bb]La respuesta es no. El espa\u00f1ol es la \u00fanica lengua permitida durante la inmersi\u00f3n, incluso en tu tiempo libre dentro de la escuela. Los estudiantes tienen que comunicarse en espa\u00f1ol entre ellos tambi\u00e9n. Pero fuera de la escuela y sin las profesoras, depende de ti. Aunque recomendamos seguir hablando espa\u00f1ol. :)[\/et_pb_toggle][et_pb_toggle title=\u00bb\u00bfQu\u00e9 puedo hacer durante el fin de semana?\u00bb _builder_version=\u00bb4.16&#8243; title_text_color=\u00bb#000000&#8243; title_font=\u00bbMontserrat|300|||||||\u00bb title_line_height=\u00bb1.8em\u00bb body_font=\u00bbMontserrat|300|||||||\u00bb body_font_size=\u00bb16px\u00bb body_line_height=\u00bb1.8em\u00bb background_color=\u00bbrgba(0,0,0,0)\u00bb custom_margin=\u00bb||0px|28px\u00bb custom_padding=\u00bb|||\u00bb border_width_all=\u00bb0px\u00bb locked=\u00bboff\u00bb global_colors_info=\u00bb{}\u00bb]Hay muchas opciones. Puedes visitar pueblos y ciudades bonitas como M\u00e1laga, Granada o Sevilla. Ir a un hamman, un buen restaurante o tablao flamenco. Te daremos la informaci\u00f3n sobre el transporte, consejos y recomendaciones.[\/et_pb_toggle][et_pb_toggle title=\u00bb\u00bfCu\u00e1ntos estudiantes hay normalmente?\u00bb _builder_version=\u00bb4.16&#8243; title_text_color=\u00bb#000000&#8243; title_font=\u00bbMontserrat|300|||||||\u00bb title_line_height=\u00bb1.8em\u00bb body_font=\u00bbMontserrat|300|||||||\u00bb body_font_size=\u00bb16px\u00bb body_line_height=\u00bb1.8em\u00bb background_color=\u00bbrgba(0,0,0,0)\u00bb custom_margin=\u00bb||0px|28px\u00bb custom_padding=\u00bb|||\u00bb border_width_all=\u00bb0px\u00bb locked=\u00bboff\u00bb global_colors_info=\u00bb{}\u00bb]En una semana, lo normal es tener 4 estudiantes. Sin embargo, dependiendo de la estaci\u00f3n, podemos tener entre 1 y 6 estudiantes como m\u00e1ximo. Los grupos por niveles nunca tienen m\u00e1s de 4 estudiantes.[\/et_pb_toggle][et_pb_toggle title=\u00bb\u00bfQu\u00e9 nivel de espa\u00f1ol tienen los estudiantes?\u00bb _builder_version=\u00bb4.16&#8243; title_text_color=\u00bb#000000&#8243; title_font=\u00bbMontserrat|300|||||||\u00bb title_line_height=\u00bb1.8em\u00bb body_font=\u00bbMontserrat|300|||||||\u00bb body_font_size=\u00bb16px\u00bb body_line_height=\u00bb1.8em\u00bb background_color=\u00bbrgba(0,0,0,0)\u00bb custom_margin=\u00bb||0px|28px\u00bb custom_padding=\u00bb|||\u00bb border_width_all=\u00bb0px\u00bb locked=\u00bboff\u00bb global_colors_info=\u00bb{}\u00bb]Tenemos estudiantes de todos los niveles. Pero, no ofrecemos inmersiones a Principiantes Totales (A1).[\/et_pb_toggle][et_pb_toggle title=\u00bb\u00bfPuedo estudiar espa\u00f1ol con mis hijos?\u00bb _builder_version=\u00bb4.16&#8243; title_text_color=\u00bb#000000&#8243; title_font=\u00bbMontserrat|300|||||||\u00bb title_line_height=\u00bb1.8em\u00bb body_font=\u00bbMontserrat|300|||||||\u00bb body_font_size=\u00bb16px\u00bb body_line_height=\u00bb1.8em\u00bb background_color=\u00bbrgba(0,0,0,0)\u00bb custom_margin=\u00bb||0px|28px\u00bb custom_padding=\u00bb|||\u00bb border_width_all=\u00bb0px\u00bb locked=\u00bboff\u00bb global_colors_info=\u00bb{}\u00bb]S\u00ed, tenemos algunas semanas al a\u00f1o reservadas para programas de familias. Env\u00edanos un correo para tener m\u00e1s informaci\u00f3n.[\/et_pb_toggle][\/et_pb_column][et_pb_column type=\u00bb1_2&#8243; _builder_version=\u00bb4.16&#8243; custom_padding=\u00bb|||\u00bb global_colors_info=\u00bb{}\u00bb custom_padding__hover=\u00bb|||\u00bb][et_pb_blurb title=\u00bbPerfil de los estudiantes\u00bb use_icon=\u00bbon\u00bb font_icon=\u00bb&#xe078;||divi||400&#8243; icon_placement=\u00bbleft\u00bb _builder_version=\u00bb4.16&#8243; header_font=\u00bbOpen Sans Condensed|700|||||||\u00bb header_font_size=\u00bb23px\u00bb header_line_height=\u00bb1.8em\u00bb body_font=\u00bbMontserrat|300|||||||\u00bb body_font_size=\u00bb17px\u00bb body_line_height=\u00bb1.8em\u00bb custom_margin=\u00bb80px||0px|\u00bb custom_padding=\u00bb|||\u00bb locked=\u00bboff\u00bb global_colors_info=\u00bb{}\u00bb][\/et_pb_blurb][et_pb_toggle title=\u00bb\u00bfEs para principiantes la inmersi\u00f3n?\u00bb _builder_version=\u00bb4.16&#8243; title_text_color=\u00bb#000000&#8243; title_font=\u00bbMontserrat|300|||||||\u00bb title_line_height=\u00bb1.8em\u00bb body_font=\u00bbMontserrat|300|||||||\u00bb body_font_size=\u00bb16px\u00bb body_line_height=\u00bb1.8em\u00bb background_color=\u00bbrgba(0,0,0,0)\u00bb custom_margin=\u00bb||0px|28px\u00bb custom_padding=\u00bb|||\u00bb border_width_all=\u00bb0px\u00bb locked=\u00bboff\u00bb global_colors_info=\u00bb{}\u00bb]Se necesita tener un nivel principiante avanzado como m\u00ednimo, equivalente a A2 aproximadamente seg\u00fan el Marco Com\u00fan de Referencia para las Lenguas.<\/p>\n<p>Nuestras profesoras evaluar\u00e1n tu nivel con la informaci\u00f3n que nos enviar\u00e1s antes de registrarte. En caso de necesitarlo, te haremos una peque\u00f1a entrevista por Skype.[\/et_pb_toggle][et_pb_toggle title=\u00bb\u00bfCu\u00e1l es la edad media de los estudiantes?\u00bb _builder_version=\u00bb4.16&#8243; title_text_color=\u00bb#000000&#8243; title_font=\u00bbMontserrat|300|||||||\u00bb title_line_height=\u00bb1.8em\u00bb body_font=\u00bbMontserrat|300|||||||\u00bb body_font_size=\u00bb16px\u00bb body_line_height=\u00bb1.8em\u00bb background_color=\u00bbrgba(0,0,0,0)\u00bb custom_margin=\u00bb||0px|28px\u00bb custom_padding=\u00bb|||\u00bb border_width_all=\u00bb0px\u00bb locked=\u00bboff\u00bb global_colors_info=\u00bb{}\u00bb]La mayor\u00eda de nuestros estudiantes tienen entre 45 y 55 a\u00f1os. Aunque la edad m\u00ednima requerida es 21 a\u00f1os.[\/et_pb_toggle][et_pb_toggle title=\u00bb\u00bfDe d\u00f3nde son los estudiantes principalmente?\u00bb _builder_version=\u00bb4.16&#8243; title_text_color=\u00bb#000000&#8243; title_font=\u00bbMontserrat|300|||||||\u00bb title_line_height=\u00bb1.8em\u00bb body_font=\u00bbMontserrat|300|||||||\u00bb body_font_size=\u00bb16px\u00bb body_line_height=\u00bb1.8em\u00bb background_color=\u00bbrgba(0,0,0,0)\u00bb custom_margin=\u00bb||0px|28px\u00bb custom_padding=\u00bb|||\u00bb border_width_all=\u00bb0px\u00bb locked=\u00bboff\u00bb global_colors_info=\u00bb{}\u00bb]Principalmente son de Estados Unidos, seguidos de Canad\u00e1 y Reino Unido.[\/et_pb_toggle][et_pb_toggle title=\u00bb\u00bfCu\u00e1les son los intereses de los estudiantes?\u00bb _builder_version=\u00bb4.16&#8243; title_text_color=\u00bb#000000&#8243; title_font=\u00bbMontserrat|300|||||||\u00bb title_line_height=\u00bb1.8em\u00bb body_font=\u00bbMontserrat|300|||||||\u00bb body_font_size=\u00bb16px\u00bb body_line_height=\u00bb1.8em\u00bb background_color=\u00bbrgba(0,0,0,0)\u00bb custom_margin=\u00bb||0px|28px\u00bb custom_padding=\u00bb|||\u00bb border_width_all=\u00bb0px\u00bb locked=\u00bboff\u00bb global_colors_info=\u00bb{}\u00bb]Tienen diferentes razones para hacer una inmersi\u00f3n pero la mayor\u00eda quieren mejorar sus habilidades de comprensi\u00f3n oral y habla en espa\u00f1ol. Normalmente, nuestros estudiantes han estudiado durante a\u00f1os pero no tienen la oportunidad de practicar. Necesitan usar la lengua, refrescar, seguir mejorando y ganar confianza.[\/et_pb_toggle][et_pb_blurb title=\u00bbAlojamiento y viaje\u00bb use_icon=\u00bbon\u00bb font_icon=\u00bb&#xe074;||divi||400&#8243; icon_placement=\u00bbleft\u00bb _builder_version=\u00bb4.16&#8243; header_font=\u00bbOpen Sans Condensed|700|||||||\u00bb header_font_size=\u00bb23px\u00bb header_line_height=\u00bb1.8em\u00bb body_font=\u00bbMontserrat|300|||||||\u00bb body_font_size=\u00bb17px\u00bb body_line_height=\u00bb1.8em\u00bb custom_margin=\u00bb80px||0px|\u00bb custom_padding=\u00bb|||\u00bb locked=\u00bboff\u00bb global_colors_info=\u00bb{}\u00bb][\/et_pb_blurb][et_pb_toggle title=\u00bb\u00bfC\u00f3mo son las habitaciones de los estudiantes?\u00bb _builder_version=\u00bb4.16&#8243; title_text_color=\u00bb#000000&#8243; title_font=\u00bbMontserrat|300|||||||\u00bb title_line_height=\u00bb1.8em\u00bb body_font=\u00bbMontserrat|300|||||||\u00bb body_font_size=\u00bb16px\u00bb body_line_height=\u00bb1.8em\u00bb background_color=\u00bbrgba(0,0,0,0)\u00bb custom_margin=\u00bb||0px|28px\u00bb custom_padding=\u00bb|||\u00bb border_width_all=\u00bb0px\u00bb locked=\u00bboff\u00bb global_colors_info=\u00bb{}\u00bb]Las habitaciones son grandes con cama doble y mesa de estudio. Tienen WiFi y ba\u00f1o privado.[\/et_pb_toggle][et_pb_toggle title=\u00bb\u00bfHay WiFi en casa?\u00bb _builder_version=\u00bb4.16&#8243; title_text_color=\u00bb#000000&#8243; title_font=\u00bbMontserrat|300|||||||\u00bb title_line_height=\u00bb1.8em\u00bb body_font=\u00bbMontserrat|300|||||||\u00bb body_font_size=\u00bb16px\u00bb body_line_height=\u00bb1.8em\u00bb background_color=\u00bbrgba(0,0,0,0)\u00bb custom_margin=\u00bb||0px|28px\u00bb custom_padding=\u00bb|||\u00bb border_width_all=\u00bb0px\u00bb locked=\u00bboff\u00bb global_colors_info=\u00bb{}\u00bb]S\u00ed[\/et_pb_toggle][et_pb_toggle title=\u00bb\u00bfPuedo usar la lavadora?\u00bb _builder_version=\u00bb4.16&#8243; title_text_color=\u00bb#000000&#8243; title_font=\u00bbMontserrat|300|||||||\u00bb title_line_height=\u00bb1.8em\u00bb body_font=\u00bbMontserrat|300|||||||\u00bb body_font_size=\u00bb16px\u00bb body_line_height=\u00bb1.8em\u00bb background_color=\u00bbrgba(0,0,0,0)\u00bb custom_margin=\u00bb||0px|28px\u00bb custom_padding=\u00bb|||\u00bb border_width_all=\u00bb0px\u00bb locked=\u00bboff\u00bb global_colors_info=\u00bb{}\u00bb]Para los estudiantes que se quedan 2 o m\u00e1s semanas, la lavadora est\u00e1 disponible gratis bajo solicitud.[\/et_pb_toggle][et_pb_toggle title=\u00bb\u00bfQu\u00e9 tipo de cosas deber\u00eda traer?\u00bb _builder_version=\u00bb4.16&#8243; title_text_color=\u00bb#000000&#8243; title_font=\u00bbMontserrat|300|||||||\u00bb title_line_height=\u00bb1.8em\u00bb body_font=\u00bbMontserrat|300|||||||\u00bb body_font_size=\u00bb16px\u00bb body_line_height=\u00bb1.8em\u00bb background_color=\u00bbrgba(0,0,0,0)\u00bb custom_margin=\u00bb||0px|28px\u00bb custom_padding=\u00bb|||\u00bb border_width_all=\u00bb0px\u00bb locked=\u00bboff\u00bb global_colors_info=\u00bb{}\u00bb]Puedes encontrar en tu habitaci\u00f3n\/ba\u00f1o:<\/p>\n<p>&#8211; S\u00e1banas y toallas<\/p>\n<p>-Secador<\/p>\n<p>-Champ\u00fa y gel<\/p>\n<p>Te daremos los materiales para la inmersi\u00f3n, como cuadernos y bol\u00edgrafo.Si lo prefieres, puedes traer tu tablet o port\u00e1til pero no es necesario.[\/et_pb_toggle][et_pb_toggle title=\u00bb\u00bfPuedo usar la piscina?\u00bb _builder_version=\u00bb4.16&#8243; title_text_color=\u00bb#000000&#8243; title_font=\u00bbMontserrat|300|||||||\u00bb title_line_height=\u00bb1.8em\u00bb body_font=\u00bbMontserrat|300|||||||\u00bb body_font_size=\u00bb16px\u00bb body_line_height=\u00bb1.8em\u00bb background_color=\u00bbrgba(0,0,0,0)\u00bb custom_margin=\u00bb||0px|28px\u00bb custom_padding=\u00bb|||\u00bb border_width_all=\u00bb0px\u00bb locked=\u00bboff\u00bb global_colors_info=\u00bb{}\u00bb]S\u00ed, pero ten en cuenta que la piscina no tiene agua caliente. As\u00ed que quiz\u00e1s est\u00e1 fr\u00eda si no nos visitas durante el verano.[\/et_pb_toggle][et_pb_toggle title=\u00bb\u00bfC\u00f3mo puedo llegar a la escuela?\u00bb _builder_version=\u00bb4.16&#8243; title_text_color=\u00bb#000000&#8243; title_font=\u00bbMontserrat|300|||||||\u00bb title_line_height=\u00bb1.8em\u00bb body_font=\u00bbMontserrat|300|||||||\u00bb body_font_size=\u00bb16px\u00bb body_line_height=\u00bb1.8em\u00bb background_color=\u00bbrgba(0,0,0,0)\u00bb custom_margin=\u00bb||0px|28px\u00bb custom_padding=\u00bb|||\u00bb border_width_all=\u00bb0px\u00bb locked=\u00bboff\u00bb global_colors_info=\u00bb{}\u00bb]Con autob\u00fas o taxi. Podemos organizar tu recogida el domingo, siempre teniendo en cuenta nuestro hora de check-in.<\/p>\n<p>Te daremos toda la informaci\u00f3n despu\u00e9s de recibir tu reserva.[\/et_pb_toggle][et_pb_toggle title=\u00bb\u00bfCu\u00e1l es el aeropuerto m\u00e1s cercano?\u00bb _builder_version=\u00bb4.16&#8243; title_text_color=\u00bb#000000&#8243; title_font=\u00bbMontserrat|300|||||||\u00bb title_line_height=\u00bb1.8em\u00bb body_font=\u00bbMontserrat|300|||||||\u00bb body_font_size=\u00bb16px\u00bb body_line_height=\u00bb1.8em\u00bb background_color=\u00bbrgba(0,0,0,0)\u00bb custom_margin=\u00bb||0px|28px\u00bb custom_padding=\u00bb|||\u00bb border_width_all=\u00bb0px\u00bb locked=\u00bboff\u00bb global_colors_info=\u00bb{}\u00bb]El aeropuerto m\u00e1s cercano est\u00e1 en M\u00e1laga. Adem\u00e1s, puedes llegar en tren desde Madrid.[\/et_pb_toggle][\/et_pb_column][\/et_pb_row][\/et_pb_section]<\/p>\n","protected":false},"excerpt":{"rendered":"<p>Ve a la p\u00e1gina \u00abC\u00f3mo Registrarte\u00bb y sigue las siguientes pasos: 1) Env\u00edanos el formulario que encontrar\u00e1s en la p\u00e1gina \u00abC\u00f3mo registrarte\u00bb 2) Inscr\u00edbete y Paga el Dep\u00f3sito Te enviaremos un documento con m\u00e1s informaci\u00f3n sobre nuestra escuela y un test de nivel.El importe debe ser abonado 6 semanas antes de comenzar el curso.Con tarjeta [&hellip;]<\/p>\n","protected":false},"author":2,"featured_media":0,"parent":0,"menu_order":0,"comment_status":"closed","ping_status":"closed","template":"","meta":{"_et_pb_use_builder":"on","_et_pb_old_content":"","_et_gb_content_width":"","footnotes":""},"class_list":["post-7793","page","type-page","status-publish","hentry"],"yoast_head":"<!-- This site is optimized with the Yoast SEO plugin v27.4 - https:\/\/yoast.com\/product\/yoast-seo-wordpress\/ -->\n<title>Preguntas frecuentes - Agualivar Spanish School<\/title>\n<meta name=\"robots\" content=\"index, follow, max-snippet:-1, max-image-preview:large, max-video-preview:-1\" \/>\n<link rel=\"canonical\" href=\"https:\/\/spanishinagualivar.com\/es\/preguntas-frecuentes\/\" \/>\n<meta property=\"og:locale\" content=\"es_ES\" \/>\n<meta property=\"og:type\" content=\"article\" \/>\n<meta property=\"og:title\" content=\"Preguntas frecuentes - Agualivar Spanish School\" \/>\n<meta property=\"og:description\" content=\"Ve a la p\u00e1gina &quot;C\u00f3mo Registrarte&quot; y sigue las siguientes pasos: 1) Env\u00edanos el formulario que encontrar\u00e1s en la p\u00e1gina &quot;C\u00f3mo registrarte&quot; 2) Inscr\u00edbete y Paga el Dep\u00f3sito Te enviaremos un documento con m\u00e1s informaci\u00f3n sobre nuestra escuela y un test de nivel.El importe debe ser abonado 6 semanas antes de comenzar el curso.Con tarjeta [&hellip;]\" \/>\n<meta property=\"og:url\" content=\"https:\/\/spanishinagualivar.com\/es\/preguntas-frecuentes\/\" \/>\n<meta property=\"og:site_name\" content=\"Agualivar Spanish School\" \/>\n<meta property=\"article:modified_time\" content=\"2023-11-14T19:53:20+00:00\" \/>\n<meta name=\"twitter:card\" content=\"summary_large_image\" \/>\n<meta name=\"twitter:label1\" content=\"Tiempo de lectura\" \/>\n\t<meta name=\"twitter:data1\" content=\"5 minutos\" \/>\n<script type=\"application\/ld+json\" class=\"yoast-schema-graph\">{\"@context\":\"https:\\\/\\\/schema.org\",\"@graph\":[{\"@type\":\"WebPage\",\"@id\":\"https:\\\/\\\/spanishinagualivar.com\\\/es\\\/preguntas-frecuentes\\\/\",\"url\":\"https:\\\/\\\/spanishinagualivar.com\\\/es\\\/preguntas-frecuentes\\\/\",\"name\":\"Preguntas frecuentes - Agualivar Spanish School\",\"isPartOf\":{\"@id\":\"https:\\\/\\\/spanishinagualivar.com\\\/es\\\/#website\"},\"datePublished\":\"2019-11-27T15:20:53+00:00\",\"dateModified\":\"2023-11-14T19:53:20+00:00\",\"breadcrumb\":{\"@id\":\"https:\\\/\\\/spanishinagualivar.com\\\/es\\\/preguntas-frecuentes\\\/#breadcrumb\"},\"inLanguage\":\"es\",\"potentialAction\":[{\"@type\":\"ReadAction\",\"target\":[\"https:\\\/\\\/spanishinagualivar.com\\\/es\\\/preguntas-frecuentes\\\/\"]}]},{\"@type\":\"BreadcrumbList\",\"@id\":\"https:\\\/\\\/spanishinagualivar.com\\\/es\\\/preguntas-frecuentes\\\/#breadcrumb\",\"itemListElement\":[{\"@type\":\"ListItem\",\"position\":1,\"name\":\"Home\",\"item\":\"https:\\\/\\\/spanishinagualivar.com\\\/es\\\/learn-spanish-malaga\\\/\"},{\"@type\":\"ListItem\",\"position\":2,\"name\":\"Preguntas frecuentes\"}]},{\"@type\":\"WebSite\",\"@id\":\"https:\\\/\\\/spanishinagualivar.com\\\/es\\\/#website\",\"url\":\"https:\\\/\\\/spanishinagualivar.com\\\/es\\\/\",\"name\":\"Agualivar Spanish School\",\"description\":\"Spanish immersion in Spain\",\"potentialAction\":[{\"@type\":\"SearchAction\",\"target\":{\"@type\":\"EntryPoint\",\"urlTemplate\":\"https:\\\/\\\/spanishinagualivar.com\\\/es\\\/?s={search_term_string}\"},\"query-input\":{\"@type\":\"PropertyValueSpecification\",\"valueRequired\":true,\"valueName\":\"search_term_string\"}}],\"inLanguage\":\"es\"}]}<\/script>\n<!-- \/ Yoast SEO plugin. -->","yoast_head_json":{"title":"Preguntas frecuentes - Agualivar Spanish School","robots":{"index":"index","follow":"follow","max-snippet":"max-snippet:-1","max-image-preview":"max-image-preview:large","max-video-preview":"max-video-preview:-1"},"canonical":"https:\/\/spanishinagualivar.com\/es\/preguntas-frecuentes\/","og_locale":"es_ES","og_type":"article","og_title":"Preguntas frecuentes - Agualivar Spanish School","og_description":"Ve a la p\u00e1gina \"C\u00f3mo Registrarte\" y sigue las siguientes pasos: 1) Env\u00edanos el formulario que encontrar\u00e1s en la p\u00e1gina \"C\u00f3mo registrarte\" 2) Inscr\u00edbete y Paga el Dep\u00f3sito Te enviaremos un documento con m\u00e1s informaci\u00f3n sobre nuestra escuela y un test de nivel.El importe debe ser abonado 6 semanas antes de comenzar el curso.Con tarjeta [&hellip;]","og_url":"https:\/\/spanishinagualivar.com\/es\/preguntas-frecuentes\/","og_site_name":"Agualivar Spanish School","article_modified_time":"2023-11-14T19:53:20+00:00","twitter_card":"summary_large_image","twitter_misc":{"Tiempo de lectura":"5 minutos"},"schema":{"@context":"https:\/\/schema.org","@graph":[{"@type":"WebPage","@id":"https:\/\/spanishinagualivar.com\/es\/preguntas-frecuentes\/","url":"https:\/\/spanishinagualivar.com\/es\/preguntas-frecuentes\/","name":"Preguntas frecuentes - Agualivar Spanish School","isPartOf":{"@id":"https:\/\/spanishinagualivar.com\/es\/#website"},"datePublished":"2019-11-27T15:20:53+00:00","dateModified":"2023-11-14T19:53:20+00:00","breadcrumb":{"@id":"https:\/\/spanishinagualivar.com\/es\/preguntas-frecuentes\/#breadcrumb"},"inLanguage":"es","potentialAction":[{"@type":"ReadAction","target":["https:\/\/spanishinagualivar.com\/es\/preguntas-frecuentes\/"]}]},{"@type":"BreadcrumbList","@id":"https:\/\/spanishinagualivar.com\/es\/preguntas-frecuentes\/#breadcrumb","itemListElement":[{"@type":"ListItem","position":1,"name":"Home","item":"https:\/\/spanishinagualivar.com\/es\/learn-spanish-malaga\/"},{"@type":"ListItem","position":2,"name":"Preguntas frecuentes"}]},{"@type":"WebSite","@id":"https:\/\/spanishinagualivar.com\/es\/#website","url":"https:\/\/spanishinagualivar.com\/es\/","name":"Agualivar Spanish School","description":"Spanish immersion in Spain","potentialAction":[{"@type":"SearchAction","target":{"@type":"EntryPoint","urlTemplate":"https:\/\/spanishinagualivar.com\/es\/?s={search_term_string}"},"query-input":{"@type":"PropertyValueSpecification","valueRequired":true,"valueName":"search_term_string"}}],"inLanguage":"es"}]}},"_links":{"self":[{"href":"https:\/\/spanishinagualivar.com\/es\/wp-json\/wp\/v2\/pages\/7793","targetHints":{"allow":["GET"]}}],"collection":[{"href":"https:\/\/spanishinagualivar.com\/es\/wp-json\/wp\/v2\/pages"}],"about":[{"href":"https:\/\/spanishinagualivar.com\/es\/wp-json\/wp\/v2\/types\/page"}],"author":[{"embeddable":true,"href":"https:\/\/spanishinagualivar.com\/es\/wp-json\/wp\/v2\/users\/2"}],"replies":[{"embeddable":true,"href":"https:\/\/spanishinagualivar.com\/es\/wp-json\/wp\/v2\/comments?post=7793"}],"version-history":[{"count":5,"href":"https:\/\/spanishinagualivar.com\/es\/wp-json\/wp\/v2\/pages\/7793\/revisions"}],"predecessor-version":[{"id":10304,"href":"https:\/\/spanishinagualivar.com\/es\/wp-json\/wp\/v2\/pages\/7793\/revisions\/10304"}],"wp:attachment":[{"href":"https:\/\/spanishinagualivar.com\/es\/wp-json\/wp\/v2\/media?parent=7793"}],"curies":[{"name":"wp","href":"https:\/\/api.w.org\/{rel}","templated":true}]}}