{"id":7790,"date":"2019-11-27T10:53:59","date_gmt":"2019-11-27T09:53:59","guid":{"rendered":"https:\/\/spanishinagualivar.com\/tu-dia-en-agualivar\/"},"modified":"2026-03-04T17:40:09","modified_gmt":"2026-03-04T16:40:09","slug":"tu-dia-en-agualivar","status":"publish","type":"page","link":"https:\/\/spanishinagualivar.com\/es\/tu-dia-en-agualivar\/","title":{"rendered":"Tu d\u00eda en Agualivar"},"content":{"rendered":"<p>[et_pb_section fb_built=\u00bb1&#8243; _builder_version=\u00bb4.16&#8243; background_image=\u00bbhttps:\/\/spanishinagualivar.com\/wp-content\/uploads\/2019\/11\/Agualivar_03.jpg\u00bb min_height=\u00bb270px\u00bb global_colors_info=\u00bb{}\u00bb][\/et_pb_section][et_pb_section fb_built=\u00bb1&#8243; _builder_version=\u00bb4.16&#8243; global_colors_info=\u00bb{}\u00bb][et_pb_row column_structure=\u00bb1_3,2_3&#8243; _builder_version=\u00bb4.16&#8243; global_colors_info=\u00bb{}\u00bb][et_pb_column type=\u00bb1_3&#8243; _builder_version=\u00bb4.16&#8243; global_colors_info=\u00bb{}\u00bb][et_pb_blurb title=\u00bbTu d\u00eda en Agualivar\u00bb image=\u00bbhttps:\/\/spanishinagualivar.com\/wp-content\/uploads\/2019\/11\/Agualivar-adults-11-300&#215;200.jpg\u00bb _builder_version=\u00bb4.16&#8243; global_colors_info=\u00bb{}\u00bb]Aqu\u00ed te mostramos c\u00f3mo es un d\u00eda en Agualivar. Vivir\u00e1s con nuestra familia,compartir\u00e1s las comidas con nosotros, asistir\u00e1s a las clases por la ma\u00f1ana\u00a0 tendr\u00e1s actividades o talleres por la tarde, as\u00ed como una excursi\u00f3n por semana. Pero adem\u00e1s tendr\u00e1s tiempo libre para estudiar, relajarte y descubrir los alrededores por ti mismo.[\/et_pb_blurb][et_pb_blurb title=\u00bbFines de semana\u00bb image=\u00bbhttps:\/\/spanishinagualivar.com\/wp-content\/uploads\/2019\/11\/Agualivar-adults-13-300&#215;200.jpg\u00bb _builder_version=\u00bb4.16&#8243; global_colors_info=\u00bb{}\u00bb]Durante los fines de semana, los estudiantes preparan su propio desayuno, almuerzo y cena. En casa, siempre tenemos verduras, frutas, huevos, pasta&#8230; para cocinar. Pero puedes ir al supermercado o a un buen restaurante local cerca de casa.<\/p>\n<p>Alternativamente, si has reservado m\u00e1s de una semana de inmersi\u00f3n, puedes aprovechar tu tiempo libre durante el fin de semana para explorar la provincia de M\u00e1laga o Andaluc\u00eda por ti mismo. Te daremos consejos y recomendaciones.[\/et_pb_blurb][\/et_pb_column][et_pb_column type=\u00bb2_3&#8243; _builder_version=\u00bb4.16&#8243; global_colors_info=\u00bb{}\u00bb][et_pb_blurb title=\u00bbHora de llegada y salida\u00bb image=\u00bbhttps:\/\/spanishinagualivar.com\/wp-content\/uploads\/2026\/03\/horario-espanol-724&#215;1024.png\u00bb _builder_version=\u00bb4.27.5&#8243; hover_enabled=\u00bb0&#8243; global_colors_info=\u00bb{}\u00bb title_text=\u00bbhorario Agualivar\u00bb sticky_enabled=\u00bb0&#8243;]<\/p>\n<p><strong>Domingo: D\u00eda de llegada. Despu\u00e9s de las 17:00 nuestras puertas est\u00e1n abiertas para ti.<\/strong><\/p>\n<p>El domingo es un d\u00eda para relajarse y descansar despu\u00e9s de tu viaje, conocer la familia, la casa&#8230; Te daremos el horario de la semana, cenaremos y nos iremos a la cama para descansar y tener energ\u00eda para la semana que comienza.<\/p>\n<p><strong>S\u00e1bado: D\u00eda de salida<\/strong><\/p>\n<p>Es hora de irse (solo en caso de inscribirte una semana de inmersi\u00f3n). Es necesario salir de casa <strong>antes de medio d\u00eda.<\/strong><\/p>\n<p>[\/et_pb_blurb][\/et_pb_column][\/et_pb_row][\/et_pb_section][et_pb_section fb_built=\u00bb1&#8243; _builder_version=\u00bb4.16&#8243; custom_margin=\u00bb-120px|||||\u00bb global_colors_info=\u00bb{}\u00bb][et_pb_row column_structure=\u00bb1_2,1_2&#8243; _builder_version=\u00bb4.16&#8243; global_colors_info=\u00bb{}\u00bb][et_pb_column type=\u00bb1_2&#8243; _builder_version=\u00bb4.16&#8243; global_colors_info=\u00bb{}\u00bb][et_pb_blurb title=\u00bbActividades y talleres\u00bb image=\u00bbhttps:\/\/spanishinagualivar.com\/wp-content\/uploads\/2019\/11\/Spanish-lessons_Agualivar-300&#215;167.jpg\u00bb _builder_version=\u00bb4.16&#8243; global_colors_info=\u00bb{}\u00bb]Dos d\u00edas a la semana (usualmente lunes y martes) organizamos actividades o talleres en espa\u00f1ol para seguir mejorando tus habilidades. A veces, vamos a un bar para practicar all\u00ed, caminamos mientras hablamos o nos quedamos en casa haciendo la actividad.<\/p>\n<p>Algunos ejemplos de actividades son: gram\u00e1tica espa\u00f1ola o juegos de vocabulario, cortos, talleres de gastronom\u00eda, actividades de conversaci\u00f3n&#8230;[\/et_pb_blurb][\/et_pb_column][et_pb_column type=\u00bb1_2&#8243; _builder_version=\u00bb4.16&#8243; global_colors_info=\u00bb{}\u00bb][et_pb_blurb title=\u00bbExcursiones\u00bb image=\u00bbhttps:\/\/spanishinagualivar.com\/wp-content\/uploads\/2019\/11\/Agualivar_adults_16.jpg\u00bb _builder_version=\u00bb4.16&#8243; global_colors_info=\u00bb{}\u00bb]Una vez a la semana (normalmente los mi\u00e9rcoles) vamos a visitar alg\u00fan lugar interesante y bonito cerca de nuestra casa. M\u00e1laga provincia est\u00e1 llena de pueblos maravillosos con mucha historia, bodegas de vino, molinos de aceite, museos de arte, rutas en la naturaleza, etc. Nos encanta ense\u00f1ar nuestros lugares favoritos y seguir practicando espa\u00f1ol mientras aprendes sobre nuestra cultura e historia.[\/et_pb_blurb][\/et_pb_column][\/et_pb_row][\/et_pb_section]<\/p>\n","protected":false},"excerpt":{"rendered":"<p>Aqu\u00ed te mostramos c\u00f3mo es un d\u00eda en Agualivar. Vivir\u00e1s con nuestra familia,compartir\u00e1s las comidas con nosotros, asistir\u00e1s a las clases por la ma\u00f1ana\u00a0 tendr\u00e1s actividades o talleres por la tarde, as\u00ed como una excursi\u00f3n por semana. Pero adem\u00e1s tendr\u00e1s tiempo libre para estudiar, relajarte y descubrir los alrededores por ti mismo.Durante los fines de [&hellip;]<\/p>\n","protected":false},"author":1,"featured_media":0,"parent":0,"menu_order":0,"comment_status":"closed","ping_status":"closed","template":"","meta":{"_et_pb_use_builder":"on","_et_pb_old_content":"","_et_gb_content_width":"","footnotes":""},"class_list":["post-7790","page","type-page","status-publish","hentry"],"yoast_head":"<!-- This site is optimized with the Yoast SEO plugin v27.4 - https:\/\/yoast.com\/product\/yoast-seo-wordpress\/ -->\n<title>Tu d\u00eda en Agualivar - Agualivar Spanish School<\/title>\n<meta name=\"robots\" content=\"index, follow, max-snippet:-1, max-image-preview:large, max-video-preview:-1\" \/>\n<link rel=\"canonical\" href=\"https:\/\/spanishinagualivar.com\/es\/tu-dia-en-agualivar\/\" \/>\n<meta property=\"og:locale\" content=\"es_ES\" \/>\n<meta property=\"og:type\" content=\"article\" \/>\n<meta property=\"og:title\" content=\"Tu d\u00eda en Agualivar - Agualivar Spanish School\" \/>\n<meta property=\"og:description\" content=\"Aqu\u00ed te mostramos c\u00f3mo es un d\u00eda en Agualivar. Vivir\u00e1s con nuestra familia,compartir\u00e1s las comidas con nosotros, asistir\u00e1s a las clases por la ma\u00f1ana\u00a0 tendr\u00e1s actividades o talleres por la tarde, as\u00ed como una excursi\u00f3n por semana. Pero adem\u00e1s tendr\u00e1s tiempo libre para estudiar, relajarte y descubrir los alrededores por ti mismo.Durante los fines de [&hellip;]\" \/>\n<meta property=\"og:url\" content=\"https:\/\/spanishinagualivar.com\/es\/tu-dia-en-agualivar\/\" \/>\n<meta property=\"og:site_name\" content=\"Agualivar Spanish School\" \/>\n<meta property=\"article:modified_time\" content=\"2026-03-04T16:40:09+00:00\" \/>\n<meta name=\"twitter:card\" content=\"summary_large_image\" \/>\n<meta name=\"twitter:label1\" content=\"Tiempo de lectura\" \/>\n\t<meta name=\"twitter:data1\" content=\"3 minutos\" \/>\n<script type=\"application\/ld+json\" class=\"yoast-schema-graph\">{\"@context\":\"https:\\\/\\\/schema.org\",\"@graph\":[{\"@type\":\"WebPage\",\"@id\":\"https:\\\/\\\/spanishinagualivar.com\\\/es\\\/tu-dia-en-agualivar\\\/\",\"url\":\"https:\\\/\\\/spanishinagualivar.com\\\/es\\\/tu-dia-en-agualivar\\\/\",\"name\":\"Tu d\u00eda en Agualivar - Agualivar Spanish School\",\"isPartOf\":{\"@id\":\"https:\\\/\\\/spanishinagualivar.com\\\/es\\\/#website\"},\"datePublished\":\"2019-11-27T09:53:59+00:00\",\"dateModified\":\"2026-03-04T16:40:09+00:00\",\"breadcrumb\":{\"@id\":\"https:\\\/\\\/spanishinagualivar.com\\\/es\\\/tu-dia-en-agualivar\\\/#breadcrumb\"},\"inLanguage\":\"es\",\"potentialAction\":[{\"@type\":\"ReadAction\",\"target\":[\"https:\\\/\\\/spanishinagualivar.com\\\/es\\\/tu-dia-en-agualivar\\\/\"]}]},{\"@type\":\"BreadcrumbList\",\"@id\":\"https:\\\/\\\/spanishinagualivar.com\\\/es\\\/tu-dia-en-agualivar\\\/#breadcrumb\",\"itemListElement\":[{\"@type\":\"ListItem\",\"position\":1,\"name\":\"Home\",\"item\":\"https:\\\/\\\/spanishinagualivar.com\\\/es\\\/learn-spanish-malaga\\\/\"},{\"@type\":\"ListItem\",\"position\":2,\"name\":\"Tu d\u00eda en Agualivar\"}]},{\"@type\":\"WebSite\",\"@id\":\"https:\\\/\\\/spanishinagualivar.com\\\/es\\\/#website\",\"url\":\"https:\\\/\\\/spanishinagualivar.com\\\/es\\\/\",\"name\":\"Agualivar Spanish School\",\"description\":\"Spanish immersion in Spain\",\"potentialAction\":[{\"@type\":\"SearchAction\",\"target\":{\"@type\":\"EntryPoint\",\"urlTemplate\":\"https:\\\/\\\/spanishinagualivar.com\\\/es\\\/?s={search_term_string}\"},\"query-input\":{\"@type\":\"PropertyValueSpecification\",\"valueRequired\":true,\"valueName\":\"search_term_string\"}}],\"inLanguage\":\"es\"}]}<\/script>\n<!-- \/ Yoast SEO plugin. -->","yoast_head_json":{"title":"Tu d\u00eda en Agualivar - Agualivar Spanish School","robots":{"index":"index","follow":"follow","max-snippet":"max-snippet:-1","max-image-preview":"max-image-preview:large","max-video-preview":"max-video-preview:-1"},"canonical":"https:\/\/spanishinagualivar.com\/es\/tu-dia-en-agualivar\/","og_locale":"es_ES","og_type":"article","og_title":"Tu d\u00eda en Agualivar - Agualivar Spanish School","og_description":"Aqu\u00ed te mostramos c\u00f3mo es un d\u00eda en Agualivar. Vivir\u00e1s con nuestra familia,compartir\u00e1s las comidas con nosotros, asistir\u00e1s a las clases por la ma\u00f1ana\u00a0 tendr\u00e1s actividades o talleres por la tarde, as\u00ed como una excursi\u00f3n por semana. Pero adem\u00e1s tendr\u00e1s tiempo libre para estudiar, relajarte y descubrir los alrededores por ti mismo.Durante los fines de [&hellip;]","og_url":"https:\/\/spanishinagualivar.com\/es\/tu-dia-en-agualivar\/","og_site_name":"Agualivar Spanish School","article_modified_time":"2026-03-04T16:40:09+00:00","twitter_card":"summary_large_image","twitter_misc":{"Tiempo de lectura":"3 minutos"},"schema":{"@context":"https:\/\/schema.org","@graph":[{"@type":"WebPage","@id":"https:\/\/spanishinagualivar.com\/es\/tu-dia-en-agualivar\/","url":"https:\/\/spanishinagualivar.com\/es\/tu-dia-en-agualivar\/","name":"Tu d\u00eda en Agualivar - Agualivar Spanish School","isPartOf":{"@id":"https:\/\/spanishinagualivar.com\/es\/#website"},"datePublished":"2019-11-27T09:53:59+00:00","dateModified":"2026-03-04T16:40:09+00:00","breadcrumb":{"@id":"https:\/\/spanishinagualivar.com\/es\/tu-dia-en-agualivar\/#breadcrumb"},"inLanguage":"es","potentialAction":[{"@type":"ReadAction","target":["https:\/\/spanishinagualivar.com\/es\/tu-dia-en-agualivar\/"]}]},{"@type":"BreadcrumbList","@id":"https:\/\/spanishinagualivar.com\/es\/tu-dia-en-agualivar\/#breadcrumb","itemListElement":[{"@type":"ListItem","position":1,"name":"Home","item":"https:\/\/spanishinagualivar.com\/es\/learn-spanish-malaga\/"},{"@type":"ListItem","position":2,"name":"Tu d\u00eda en Agualivar"}]},{"@type":"WebSite","@id":"https:\/\/spanishinagualivar.com\/es\/#website","url":"https:\/\/spanishinagualivar.com\/es\/","name":"Agualivar Spanish School","description":"Spanish immersion in Spain","potentialAction":[{"@type":"SearchAction","target":{"@type":"EntryPoint","urlTemplate":"https:\/\/spanishinagualivar.com\/es\/?s={search_term_string}"},"query-input":{"@type":"PropertyValueSpecification","valueRequired":true,"valueName":"search_term_string"}}],"inLanguage":"es"}]}},"_links":{"self":[{"href":"https:\/\/spanishinagualivar.com\/es\/wp-json\/wp\/v2\/pages\/7790","targetHints":{"allow":["GET"]}}],"collection":[{"href":"https:\/\/spanishinagualivar.com\/es\/wp-json\/wp\/v2\/pages"}],"about":[{"href":"https:\/\/spanishinagualivar.com\/es\/wp-json\/wp\/v2\/types\/page"}],"author":[{"embeddable":true,"href":"https:\/\/spanishinagualivar.com\/es\/wp-json\/wp\/v2\/users\/1"}],"replies":[{"embeddable":true,"href":"https:\/\/spanishinagualivar.com\/es\/wp-json\/wp\/v2\/comments?post=7790"}],"version-history":[{"count":4,"href":"https:\/\/spanishinagualivar.com\/es\/wp-json\/wp\/v2\/pages\/7790\/revisions"}],"predecessor-version":[{"id":12815,"href":"https:\/\/spanishinagualivar.com\/es\/wp-json\/wp\/v2\/pages\/7790\/revisions\/12815"}],"wp:attachment":[{"href":"https:\/\/spanishinagualivar.com\/es\/wp-json\/wp\/v2\/media?parent=7790"}],"curies":[{"name":"wp","href":"https:\/\/api.w.org\/{rel}","templated":true}]}}