{"id":7785,"date":"2019-11-27T10:26:00","date_gmt":"2019-11-27T09:26:00","guid":{"rendered":"https:\/\/spanishinagualivar.com\/es-agualivar-para-ti\/"},"modified":"2020-04-02T07:42:41","modified_gmt":"2020-04-02T06:42:41","slug":"es-agualivar-para-ti","status":"publish","type":"page","link":"https:\/\/spanishinagualivar.com\/es\/es-agualivar-para-ti\/","title":{"rendered":"\u00bfEs Agualivar para ti?"},"content":{"rendered":"<p>[et_pb_section fb_built=\u00bb1&#8243; _builder_version=\u00bb4.2.2&#8243; min_height=\u00bb328px\u00bb custom_margin=\u00bb||25px|||\u00bb custom_padding=\u00bb2px||20px|||\u00bb][et_pb_row _builder_version=\u00bb4.2.2&#8243;][et_pb_column type=\u00bb4_4&#8243; _builder_version=\u00bb4.2.2&#8243;][et_pb_text _builder_version=\u00bb4.2.2&#8243; text_font=\u00bbOpen Sans Condensed|700|||||||\u00bb text_text_color=\u00bb#8FA706&#8243; text_font_size=\u00bb49px\u00bb text_line_height=\u00bb1em\u00bb header_font=\u00bbOpen Sans Condensed|700|||||||\u00bb header_text_align=\u00bbcenter\u00bb header_text_color=\u00bb#8FA706&#8243; header_font_size=\u00bb49px\u00bb text_orientation=\u00bbcenter\u00bb animation_style=\u00bbslide\u00bb border_width_bottom=\u00bb3px\u00bb border_color_bottom=\u00bb#8FA706&#8243;]<\/p>\n<h1 style=\"text-align: center;\"><strong>\u00bfES AGUALIVAR PARA TI?<\/strong><\/h1>\n<p>[\/et_pb_text][\/et_pb_column][\/et_pb_row][et_pb_row column_structure=\u00bb2_3,1_3&#8243; _builder_version=\u00bb4.2.2&#8243; min_height=\u00bb293px\u00bb custom_margin=\u00bb|auto|14px|auto||\u00bb custom_padding=\u00bb2px|||||\u00bb][et_pb_column type=\u00bb2_3&#8243; _builder_version=\u00bb4.0.6&#8243;][et_pb_blurb _builder_version=\u00bb4.2.2&#8243; body_font=\u00bbOpen Sans||||||||\u00bb body_text_align=\u00bbcenter\u00bb custom_margin=\u00bb64px|||-140px|false|false\u00bb animation_style=\u00bbslide\u00bb]Esta suele ser una pregunta recurrente cuando los estudiantes piensan en venir a estudiar a Agualivar. Nuestra escuela tiene un enfoque que no a todos les gusta y no queremos crear falsas expectativas. As\u00ed que aseg\u00farate de leer la informaci\u00f3n sobre <strong>C\u00f3mo es Agualivar y C\u00f3mo son nuestros estudiantes.<\/strong>\u00a0<img decoding=\"async\" src=\"https:\/\/spanishinagualivar.com\/wp-content\/themes\/Divi\/includes\/builder\/frontend-builder\/assets\/vendors\/plugins\/emoticons\/img\/smiley-laughing.gif\" alt=\"laughing\" \/>[\/et_pb_blurb][\/et_pb_column][et_pb_column type=\u00bb1_3&#8243; _builder_version=\u00bb4.0.6&#8243;][et_pb_gallery gallery_ids=\u00bb7605,6473,5772,7439&#8243; fullwidth=\u00bbon\u00bb _builder_version=\u00bb4.2.2&#8243; custom_margin=\u00bb64px||||false|false\u00bb][\/et_pb_gallery][\/et_pb_column][\/et_pb_row][\/et_pb_section][et_pb_section fb_built=\u00bb1&#8243; specialty=\u00bbon\u00bb _builder_version=\u00bb4.2.2&#8243; custom_margin=\u00bb-71px|||||\u00bb][et_pb_column type=\u00bb1_2&#8243; specialty_columns=\u00bb2&#8243; _builder_version=\u00bb3.25&#8243; custom_padding=\u00bb|||\u00bb custom_padding__hover=\u00bb|||\u00bb][et_pb_row_inner _builder_version=\u00bb4.2.2&#8243;][et_pb_column_inner saved_specialty_column_type=\u00bb1_2&#8243; _builder_version=\u00bb4.0.6&#8243;][et_pb_blurb title=\u00bbNuestros estudiantes\u00bb use_icon=\u00bbon\u00bb font_icon=\u00bb%%259%%\u00bb icon_placement=\u00bbleft\u00bb use_icon_font_size=\u00bbon\u00bb icon_font_size=\u00bb48px\u00bb _builder_version=\u00bb4.2.2&#8243; header_level=\u00bbh3&#8243; header_font=\u00bbOpen Sans||||||||\u00bb header_text_align=\u00bbleft\u00bb header_text_color=\u00bb#8fa706&#8243; header_line_height=\u00bb2em\u00bb body_font=\u00bbOpen Sans||||||||\u00bb body_link_font=\u00bbOpen Sans||||||||\u00bb text_orientation=\u00bbjustified\u00bb custom_margin=\u00bb-38px|||||\u00bb custom_padding=\u00bb15px|||||\u00bb]<strong>Adultos exigentes<\/strong>, motivados y comprometidos por aprender espa\u00f1ol.<\/p>\n<p>Estudiantes que tienen <strong>conocimientos previos de espa\u00f1ol<\/strong> y han estudiado antes, pero necesitan practicar y usarlo en situaciones reales.<\/p>\n<p><strong>Necesitan ganar confianza<\/strong> y mejorar las habilidades de escucha y habla.<\/p>\n<p>La mayor\u00eda de ellos quieren estudiar espa\u00f1ol por <strong>motivos personales<\/strong>: viajar, inter\u00e9s en la cultura Hisp\u00e1nica, comunicaci\u00f3n con amigos de habla espa\u00f1ola,&#8230;[\/et_pb_blurb][\/et_pb_column_inner][\/et_pb_row_inner][\/et_pb_column][et_pb_column type=\u00bb1_2&#8243; _builder_version=\u00bb3.25&#8243; custom_padding=\u00bb|||\u00bb custom_padding__hover=\u00bb|||\u00bb][et_pb_blurb title=\u00bbNuestra escuela\u00bb use_icon=\u00bbon\u00bb font_icon=\u00bb%%236%%\u00bb icon_placement=\u00bbleft\u00bb use_icon_font_size=\u00bbon\u00bb icon_font_size=\u00bb48px\u00bb _builder_version=\u00bb4.2.2&#8243; header_level=\u00bbh3&#8243; header_font=\u00bbOpen Sans||||||||\u00bb header_text_align=\u00bbleft\u00bb header_text_color=\u00bb#8fa706&#8243; header_line_height=\u00bb2em\u00bb body_font=\u00bbOpen Sans||||||||\u00bb body_text_align=\u00bbjustify\u00bb custom_margin=\u00bb-38px|||||\u00bb hover_enabled=\u00bb0&#8243;]<\/p>\n<p><strong>Espa\u00f1ol es la \u00fanica lengua permitida<\/strong>. Por ejemplo, ingl\u00e9s u otras lenguas diferentes a espa\u00f1ol est\u00e1n prohibidas.<\/p>\n<p>Agualivar es adem\u00e1s nuestra casa, as\u00ed los estudiantes tienen que adaptarse a las normas de la casa. <a href=\"https:\/\/spanishinagualivar.com\/es\/escuela-de-espanol-en-malaga\/\"><strong>Mira m\u00e1s aqu\u00ed.<\/strong><\/a><\/p>\n<p>Nuestra escuela est\u00e1 localizada en una zona rural, as\u00ed que no esperes una ciudad vibrante o muchas tiendas o restaurantes. <strong>Mira m\u00e1s sobre nuestro pueblo y alrededores aqu\u00ed.<\/strong><\/p>\n<p>Por lo contrario, Agualivar es una perfecta combinaci\u00f3n para quienes <strong>disfrutan de la paz y la naturaleza<\/strong> con comodidad.<\/p>\n<p>[\/et_pb_blurb][\/et_pb_column][\/et_pb_section][et_pb_section fb_built=\u00bb1&#8243; _builder_version=\u00bb4.2.2&#8243; custom_margin=\u00bb-73px||1px|||\u00bb custom_padding=\u00bb||136px|||\u00bb background_image=\u00bbhttps:\/\/spanishinagualivar.com\/wp-content\/uploads\/2019\/11\/Agualivar-adults-14.jpg\u00bb][\/et_pb_section]<\/p>\n","protected":false},"excerpt":{"rendered":"<p>\u00bfES AGUALIVAR PARA TI?Esta suele ser una pregunta recurrente cuando los estudiantes piensan en venir a estudiar a Agualivar. Nuestra escuela tiene un enfoque que no a todos les gusta y no queremos crear falsas expectativas. As\u00ed que aseg\u00farate de leer la informaci\u00f3n sobre C\u00f3mo es Agualivar y C\u00f3mo son nuestros estudiantes.\u00a0Adultos exigentes, motivados y [&hellip;]<\/p>\n","protected":false},"author":1,"featured_media":0,"parent":0,"menu_order":0,"comment_status":"closed","ping_status":"closed","template":"","meta":{"_et_pb_use_builder":"on","_et_pb_old_content":"","_et_gb_content_width":"","footnotes":""},"class_list":["post-7785","page","type-page","status-publish","hentry"],"yoast_head":"<!-- This site is optimized with the Yoast SEO plugin v27.4 - https:\/\/yoast.com\/product\/yoast-seo-wordpress\/ -->\n<title>\u00bfEs Agualivar para ti? - Agualivar Spanish School<\/title>\n<meta name=\"robots\" content=\"index, follow, max-snippet:-1, max-image-preview:large, max-video-preview:-1\" \/>\n<link rel=\"canonical\" href=\"https:\/\/spanishinagualivar.com\/es\/es-agualivar-para-ti\/\" \/>\n<meta property=\"og:locale\" content=\"es_ES\" \/>\n<meta property=\"og:type\" content=\"article\" \/>\n<meta property=\"og:title\" content=\"\u00bfEs Agualivar para ti? - Agualivar Spanish School\" \/>\n<meta property=\"og:description\" content=\"\u00bfES AGUALIVAR PARA TI?Esta suele ser una pregunta recurrente cuando los estudiantes piensan en venir a estudiar a Agualivar. Nuestra escuela tiene un enfoque que no a todos les gusta y no queremos crear falsas expectativas. As\u00ed que aseg\u00farate de leer la informaci\u00f3n sobre C\u00f3mo es Agualivar y C\u00f3mo son nuestros estudiantes.\u00a0Adultos exigentes, motivados y [&hellip;]\" \/>\n<meta property=\"og:url\" content=\"https:\/\/spanishinagualivar.com\/es\/es-agualivar-para-ti\/\" \/>\n<meta property=\"og:site_name\" content=\"Agualivar Spanish School\" \/>\n<meta property=\"article:modified_time\" content=\"2020-04-02T06:42:41+00:00\" \/>\n<meta property=\"og:image\" content=\"https:\/\/spanishinagualivar.com\/wp-content\/themes\/Divi\/includes\/builder\/frontend-builder\/assets\/vendors\/plugins\/emoticons\/img\/smiley-laughing.gif\" \/>\n<meta name=\"twitter:card\" content=\"summary_large_image\" \/>\n<meta name=\"twitter:label1\" content=\"Tiempo de lectura\" \/>\n\t<meta name=\"twitter:data1\" content=\"3 minutos\" \/>\n<script type=\"application\/ld+json\" class=\"yoast-schema-graph\">{\"@context\":\"https:\\\/\\\/schema.org\",\"@graph\":[{\"@type\":\"WebPage\",\"@id\":\"https:\\\/\\\/spanishinagualivar.com\\\/es\\\/es-agualivar-para-ti\\\/\",\"url\":\"https:\\\/\\\/spanishinagualivar.com\\\/es\\\/es-agualivar-para-ti\\\/\",\"name\":\"\u00bfEs Agualivar para ti? - Agualivar Spanish School\",\"isPartOf\":{\"@id\":\"https:\\\/\\\/spanishinagualivar.com\\\/es\\\/#website\"},\"primaryImageOfPage\":{\"@id\":\"https:\\\/\\\/spanishinagualivar.com\\\/es\\\/es-agualivar-para-ti\\\/#primaryimage\"},\"image\":{\"@id\":\"https:\\\/\\\/spanishinagualivar.com\\\/es\\\/es-agualivar-para-ti\\\/#primaryimage\"},\"thumbnailUrl\":\"https:\\\/\\\/spanishinagualivar.com\\\/wp-content\\\/themes\\\/Divi\\\/includes\\\/builder\\\/frontend-builder\\\/assets\\\/vendors\\\/plugins\\\/emoticons\\\/img\\\/smiley-laughing.gif\",\"datePublished\":\"2019-11-27T09:26:00+00:00\",\"dateModified\":\"2020-04-02T06:42:41+00:00\",\"breadcrumb\":{\"@id\":\"https:\\\/\\\/spanishinagualivar.com\\\/es\\\/es-agualivar-para-ti\\\/#breadcrumb\"},\"inLanguage\":\"es\",\"potentialAction\":[{\"@type\":\"ReadAction\",\"target\":[\"https:\\\/\\\/spanishinagualivar.com\\\/es\\\/es-agualivar-para-ti\\\/\"]}]},{\"@type\":\"ImageObject\",\"inLanguage\":\"es\",\"@id\":\"https:\\\/\\\/spanishinagualivar.com\\\/es\\\/es-agualivar-para-ti\\\/#primaryimage\",\"url\":\"https:\\\/\\\/spanishinagualivar.com\\\/wp-content\\\/themes\\\/Divi\\\/includes\\\/builder\\\/frontend-builder\\\/assets\\\/vendors\\\/plugins\\\/emoticons\\\/img\\\/smiley-laughing.gif\",\"contentUrl\":\"https:\\\/\\\/spanishinagualivar.com\\\/wp-content\\\/themes\\\/Divi\\\/includes\\\/builder\\\/frontend-builder\\\/assets\\\/vendors\\\/plugins\\\/emoticons\\\/img\\\/smiley-laughing.gif\"},{\"@type\":\"BreadcrumbList\",\"@id\":\"https:\\\/\\\/spanishinagualivar.com\\\/es\\\/es-agualivar-para-ti\\\/#breadcrumb\",\"itemListElement\":[{\"@type\":\"ListItem\",\"position\":1,\"name\":\"Home\",\"item\":\"https:\\\/\\\/spanishinagualivar.com\\\/es\\\/learn-spanish-malaga\\\/\"},{\"@type\":\"ListItem\",\"position\":2,\"name\":\"\u00bfEs Agualivar para ti?\"}]},{\"@type\":\"WebSite\",\"@id\":\"https:\\\/\\\/spanishinagualivar.com\\\/es\\\/#website\",\"url\":\"https:\\\/\\\/spanishinagualivar.com\\\/es\\\/\",\"name\":\"Agualivar Spanish School\",\"description\":\"Spanish immersion in Spain\",\"potentialAction\":[{\"@type\":\"SearchAction\",\"target\":{\"@type\":\"EntryPoint\",\"urlTemplate\":\"https:\\\/\\\/spanishinagualivar.com\\\/es\\\/?s={search_term_string}\"},\"query-input\":{\"@type\":\"PropertyValueSpecification\",\"valueRequired\":true,\"valueName\":\"search_term_string\"}}],\"inLanguage\":\"es\"}]}<\/script>\n<!-- \/ Yoast SEO plugin. -->","yoast_head_json":{"title":"\u00bfEs Agualivar para ti? - Agualivar Spanish School","robots":{"index":"index","follow":"follow","max-snippet":"max-snippet:-1","max-image-preview":"max-image-preview:large","max-video-preview":"max-video-preview:-1"},"canonical":"https:\/\/spanishinagualivar.com\/es\/es-agualivar-para-ti\/","og_locale":"es_ES","og_type":"article","og_title":"\u00bfEs Agualivar para ti? - Agualivar Spanish School","og_description":"\u00bfES AGUALIVAR PARA TI?Esta suele ser una pregunta recurrente cuando los estudiantes piensan en venir a estudiar a Agualivar. Nuestra escuela tiene un enfoque que no a todos les gusta y no queremos crear falsas expectativas. As\u00ed que aseg\u00farate de leer la informaci\u00f3n sobre C\u00f3mo es Agualivar y C\u00f3mo son nuestros estudiantes.\u00a0Adultos exigentes, motivados y [&hellip;]","og_url":"https:\/\/spanishinagualivar.com\/es\/es-agualivar-para-ti\/","og_site_name":"Agualivar Spanish School","article_modified_time":"2020-04-02T06:42:41+00:00","og_image":[{"url":"https:\/\/spanishinagualivar.com\/wp-content\/themes\/Divi\/includes\/builder\/frontend-builder\/assets\/vendors\/plugins\/emoticons\/img\/smiley-laughing.gif","type":"","width":"","height":""}],"twitter_card":"summary_large_image","twitter_misc":{"Tiempo de lectura":"3 minutos"},"schema":{"@context":"https:\/\/schema.org","@graph":[{"@type":"WebPage","@id":"https:\/\/spanishinagualivar.com\/es\/es-agualivar-para-ti\/","url":"https:\/\/spanishinagualivar.com\/es\/es-agualivar-para-ti\/","name":"\u00bfEs Agualivar para ti? - Agualivar Spanish School","isPartOf":{"@id":"https:\/\/spanishinagualivar.com\/es\/#website"},"primaryImageOfPage":{"@id":"https:\/\/spanishinagualivar.com\/es\/es-agualivar-para-ti\/#primaryimage"},"image":{"@id":"https:\/\/spanishinagualivar.com\/es\/es-agualivar-para-ti\/#primaryimage"},"thumbnailUrl":"https:\/\/spanishinagualivar.com\/wp-content\/themes\/Divi\/includes\/builder\/frontend-builder\/assets\/vendors\/plugins\/emoticons\/img\/smiley-laughing.gif","datePublished":"2019-11-27T09:26:00+00:00","dateModified":"2020-04-02T06:42:41+00:00","breadcrumb":{"@id":"https:\/\/spanishinagualivar.com\/es\/es-agualivar-para-ti\/#breadcrumb"},"inLanguage":"es","potentialAction":[{"@type":"ReadAction","target":["https:\/\/spanishinagualivar.com\/es\/es-agualivar-para-ti\/"]}]},{"@type":"ImageObject","inLanguage":"es","@id":"https:\/\/spanishinagualivar.com\/es\/es-agualivar-para-ti\/#primaryimage","url":"https:\/\/spanishinagualivar.com\/wp-content\/themes\/Divi\/includes\/builder\/frontend-builder\/assets\/vendors\/plugins\/emoticons\/img\/smiley-laughing.gif","contentUrl":"https:\/\/spanishinagualivar.com\/wp-content\/themes\/Divi\/includes\/builder\/frontend-builder\/assets\/vendors\/plugins\/emoticons\/img\/smiley-laughing.gif"},{"@type":"BreadcrumbList","@id":"https:\/\/spanishinagualivar.com\/es\/es-agualivar-para-ti\/#breadcrumb","itemListElement":[{"@type":"ListItem","position":1,"name":"Home","item":"https:\/\/spanishinagualivar.com\/es\/learn-spanish-malaga\/"},{"@type":"ListItem","position":2,"name":"\u00bfEs Agualivar para ti?"}]},{"@type":"WebSite","@id":"https:\/\/spanishinagualivar.com\/es\/#website","url":"https:\/\/spanishinagualivar.com\/es\/","name":"Agualivar Spanish School","description":"Spanish immersion in Spain","potentialAction":[{"@type":"SearchAction","target":{"@type":"EntryPoint","urlTemplate":"https:\/\/spanishinagualivar.com\/es\/?s={search_term_string}"},"query-input":{"@type":"PropertyValueSpecification","valueRequired":true,"valueName":"search_term_string"}}],"inLanguage":"es"}]}},"_links":{"self":[{"href":"https:\/\/spanishinagualivar.com\/es\/wp-json\/wp\/v2\/pages\/7785","targetHints":{"allow":["GET"]}}],"collection":[{"href":"https:\/\/spanishinagualivar.com\/es\/wp-json\/wp\/v2\/pages"}],"about":[{"href":"https:\/\/spanishinagualivar.com\/es\/wp-json\/wp\/v2\/types\/page"}],"author":[{"embeddable":true,"href":"https:\/\/spanishinagualivar.com\/es\/wp-json\/wp\/v2\/users\/1"}],"replies":[{"embeddable":true,"href":"https:\/\/spanishinagualivar.com\/es\/wp-json\/wp\/v2\/comments?post=7785"}],"version-history":[{"count":8,"href":"https:\/\/spanishinagualivar.com\/es\/wp-json\/wp\/v2\/pages\/7785\/revisions"}],"predecessor-version":[{"id":12816,"href":"https:\/\/spanishinagualivar.com\/es\/wp-json\/wp\/v2\/pages\/7785\/revisions\/12816"}],"wp:attachment":[{"href":"https:\/\/spanishinagualivar.com\/es\/wp-json\/wp\/v2\/media?parent=7785"}],"curies":[{"name":"wp","href":"https:\/\/api.w.org\/{rel}","templated":true}]}}