{"id":7781,"date":"2019-11-27T09:58:43","date_gmt":"2019-11-27T08:58:43","guid":{"rendered":"https:\/\/spanishinagualivar.com\/inscribete-ya\/condiciones-generales\/"},"modified":"2025-10-19T14:37:27","modified_gmt":"2025-10-19T13:37:27","slug":"condiciones-generales","status":"publish","type":"page","link":"https:\/\/spanishinagualivar.com\/es\/inscribete-ya\/condiciones-generales\/","title":{"rendered":"Condiciones Generales"},"content":{"rendered":"<p>[et_pb_section fb_built=\u00bb1&#8243; fullwidth=\u00bbon\u00bb _builder_version=\u00bb4.16&#8243; global_colors_info=\u00bb{}\u00bb][et_pb_fullwidth_header title=\u00bbCondiciones Generales\u00bb _builder_version=\u00bb4.16&#8243; title_font=\u00bbOpen Sans Condensed|700|||||||\u00bb title_text_align=\u00bbcenter\u00bb title_font_size=\u00bb49px\u00bb global_colors_info=\u00bb{}\u00bb][\/et_pb_fullwidth_header][\/et_pb_section][et_pb_section fb_built=\u00bb1&#8243; _builder_version=\u00bb4.16&#8243; custom_margin=\u00bb-2px||-82px|||\u00bb global_colors_info=\u00bb{}\u00bb][et_pb_row _builder_version=\u00bb4.16&#8243; global_colors_info=\u00bb{}\u00bb][et_pb_column type=\u00bb4_4&#8243; _builder_version=\u00bb4.16&#8243; global_colors_info=\u00bb{}\u00bb][et_pb_text _builder_version=\u00bb4.16&#8243; text_font=\u00bbOpen Sans||||||||\u00bb global_colors_info=\u00bb{}\u00bb]Estas son las condiciones generales de Agualivar Spanish School SL. con CIF B93595254, inscrita en el Registro Mercantil el 5 de febrero de 2018 y con domicilio en \u00abLas Chorreras 73, Lagos-29760, M\u00e1laga. Espa\u00f1a\u00bb[\/et_pb_text][\/et_pb_column][\/et_pb_row][\/et_pb_section][et_pb_section fb_built=\u00bb1&#8243; admin_label=\u00bbsection\u00bb _builder_version=\u00bb4.16&#8243; global_colors_info=\u00bb{}\u00bb][et_pb_row column_structure=\u00bb1_3,1_3,1_3&#8243; admin_label=\u00bbrow\u00bb _builder_version=\u00bb4.16&#8243; background_size=\u00bbinitial\u00bb background_position=\u00bbtop_left\u00bb background_repeat=\u00bbrepeat\u00bb global_colors_info=\u00bb{}\u00bb][et_pb_column type=\u00bb1_3&#8243; _builder_version=\u00bb4.16&#8243; custom_padding=\u00bb|||\u00bb global_colors_info=\u00bb{}\u00bb custom_padding__hover=\u00bb|||\u00bb][et_pb_text _builder_version=\u00bb4.16&#8243; text_font=\u00bbOpen Sans||||||||\u00bb header_font=\u00bbOpen Sans Condensed||||||||\u00bb header_3_font=\u00bbOpen Sans Condensed|700|||||||\u00bb header_3_text_align=\u00bbcenter\u00bb text_orientation=\u00bbjustified\u00bb global_colors_info=\u00bb{}\u00bb]<\/p>\n<h2><strong>PRECIOS Y PAGOS:<\/strong><\/h2>\n<p>Puede ver los precios de nuestros programas seleccionando el n\u00famero de semanas y estudiantes.<\/p>\n<p>El coste total del curso debe pagarse al menos 6 semanas antes de la fecha de inicio. Nos reservamos el derecho de cancelar cualquier curso que no ha sido pagado en su plazo.<\/p>\n<p>Todos los costes bancarios correr\u00e1n a cargo del estudiante. En caso de que el banco nos cargue comisi\u00f3n, nos reservamos el derecho de facturar dicha comisi\u00f3n al estudiante a la llegada a Agualivar.<\/p>\n<p><strong>Los precios son v\u00e1lidos hasta el 31 de diciembre de 2026.<\/strong><\/p>\n<p>Agualivar no es responsable de errores de imprenta que pueden aparecer o por errores en publicaciones de terceras partes.<\/p>\n<p>[\/et_pb_text][et_pb_text _builder_version=\u00bb4.16&#8243; text_font=\u00bbOpen Sans||||||||\u00bb header_font=\u00bbOpen Sans Condensed||||||||\u00bb header_3_font=\u00bbOpen Sans Condensed|700|||||||\u00bb header_3_text_align=\u00bbcenter\u00bb text_orientation=\u00bbjustified\u00bb custom_margin=\u00bb185px|||||\u00bb border_width_top=\u00bb4px\u00bb border_color_top=\u00bb#8fa706&#8243; global_colors_info=\u00bb{}\u00bb]<\/p>\n<h2><strong>OTROS T\u00c9RMINOS Y CONDICIONES:<\/strong><\/h2>\n<p><strong>COBERTURA\/SEGURO DE VIAJES:<\/strong> Agualivar Spanish School recomienda a todos los estudiantes tener un seguro m\u00e9dico.<\/p>\n<p><strong>MATERIAL DE FOTOGRAF\u00cdA Y VIDEO:<\/strong> Aceptando los t\u00e9rminos y condiciones de Agualivar Spanish School, los estudiantes aceptan que\u00a0 Agualivar Spanish School haga uso libremente de este material, que ha sido creado por el personal de la escuela, sin la necesidad de preguntar por la aprobaci\u00f3n del estudiante.[\/et_pb_text][\/et_pb_column][et_pb_column type=\u00bb1_3&#8243; _builder_version=\u00bb4.16&#8243; custom_padding=\u00bb|||\u00bb global_colors_info=\u00bb{}\u00bb custom_padding__hover=\u00bb|||\u00bb][et_pb_text _builder_version=\u00bb4.16&#8243; text_font=\u00bbOpen Sans||||||||\u00bb header_font=\u00bbOpen Sans Condensed||||||||\u00bb header_3_font=\u00bbOpen Sans Condensed|700|||||||\u00bb header_3_text_align=\u00bbcenter\u00bb text_orientation=\u00bbjustified\u00bb global_colors_info=\u00bb{}\u00bb]<\/p>\n<h2><strong>CANCELACIONES Y DEVOLUCIONES:<\/strong><\/h2>\n<p>El dep\u00f3sito (25%) no es reembolsable.<\/p>\n<p>Las cancelaciones deben comunicarse por escrito (letra, telegrama, correo electr\u00f3nico or fax). Una evidencia escrita se requiere y por tanto las cancelaciones hechas por tel\u00e9fono y otro medio diferente al indicado arriba no ser\u00e1n aceptadas como v\u00e1lidas.<\/p>\n<p>En caso de cancelaci\u00f3n, reembolsaremos las siguientes cantidades dependiendo de las fechas:<\/p>\n<p>100% del coste del curso (excepto el dep\u00f3sito): 6 semanas antes del inicio del curso.<\/p>\n<p>20% del total del curso (excepto el dep\u00f3sito): 21 d\u00edas antes del inicio del curso.<\/p>\n<p>Ning\u00fan reembolso ser\u00e1 garantizado en las tres semanas previas al inicio del curso.<\/p>\n<p>[\/et_pb_text][et_pb_text _builder_version=\u00bb4.16&#8243; text_font=\u00bbOpen Sans||||||||\u00bb header_font=\u00bbOpen Sans Condensed||||||||\u00bb header_3_font=\u00bbOpen Sans Condensed|700|||||||\u00bb header_3_text_align=\u00bbcenter\u00bb text_orientation=\u00bbjustified\u00bb custom_margin=\u00bb169px|||||\u00bb border_width_top=\u00bb4px\u00bb border_color_top=\u00bb#8fa706&#8243; global_colors_info=\u00bb{}\u00bb]<strong>RESPONSABILIDAD Y FUERZA MAYOR:<\/strong> Agualivar Spanish School no se hace responsable por ninguna p\u00e9rdida, da\u00f1o, inconveniente, retraso o fallo relacionado con la impartici\u00f3n de los cursos y la provisi\u00f3n de los servicios por causas que no est\u00e1n bajo el control de Agualivar Spanish School, incluyendo pero no limitando a los derivados por fuerza mayor, fuego, desastres naturales, actos del gobierno, fallos de los proveedores o subcontratistas, disputas laborales, disturbios civiles, terrorismo o amenazas terroristas de cualquier tipo, emergencias de salud p\u00fablica, negligencias, any negligent o actos deliberados por terceras partes o cualquier caso que no est\u00e9 bajo el control directo de Agualivar Spanish School. Estas condiciones no afectan a los derechos definidos por las leyes de protecci\u00f3n del consumidor del pa\u00eds anfitri\u00f3n.[\/et_pb_text][\/et_pb_column][et_pb_column type=\u00bb1_3&#8243; _builder_version=\u00bb4.16&#8243; custom_padding=\u00bb|||\u00bb global_colors_info=\u00bb{}\u00bb custom_padding__hover=\u00bb|||\u00bb][et_pb_text _builder_version=\u00bb4.16&#8243; text_font=\u00bbOpen Sans||||||||\u00bb header_font=\u00bbOpen Sans Condensed||||||||\u00bb header_3_font=\u00bbOpen Sans Condensed|700|||||||\u00bb header_3_text_align=\u00bbcenter\u00bb text_orientation=\u00bbjustified\u00bb global_colors_info=\u00bb{}\u00bb]<\/p>\n<h2><strong>ADMISI\u00d3N Y EXPULSI\u00d3N:<\/strong><\/h2>\n<p>Agualivar se reserva el derecho de aceptar estudiantes menores de 21 a\u00f1os en casos excepcionales.<\/p>\n<p>En caso de ofensa disciplinaria seria, repetido mal comportamiento o infringimiento de las normas de\u00a0 Agualivar Spanish School, el estudiante ser\u00e1 expulsado de la escuela y su alojamiento sin derecho a ning\u00fan reembolso.<\/p>\n<p>En caso de haber da\u00f1os a terceras partes, todos los\u00a0 gastos asumidos por Agualivar debido a dicho incidente ser\u00e1n facturados al estudiante que no tendr\u00e1 derecho a reclamaciones posteriores.<\/p>\n<p>En Agualivar, el respeto por las normas es esencial. Los estudiantes estudian y viven con nuestra familia, compartiendo los espacios comunes. Si los estudiantes no siguen los normas establecidas, causar\u00e1 la expulsi\u00f3n sin derecho a reembolso.<\/p>\n<p>Algunos ejemplos de mal comportamiento son: hacer mucho ruido, fumar en la casa, hacer fiestas, consumir alcohol o cualquier otra sustancia narc\u00f3tica, o cualquier otra conducta inapropiada que pueda considerar Agualivar.[\/et_pb_text][et_pb_text admin_label=\u00bbText\u00bb _builder_version=\u00bb4.16&#8243; background_size=\u00bbinitial\u00bb background_position=\u00bbtop_left\u00bb background_repeat=\u00bbrepeat\u00bb global_colors_info=\u00bb{}\u00bb]&nbsp;<\/p>\n<p>&nbsp;<\/p>\n<p><!-- List Panel --><\/p>\n<form class=\"wpcf7-form\" action=\"\/wp-admin\/admin-ajax.php?_panelsnonce=f592f5f523#wpcf7-f3466-o1\" method=\"post\" novalidate=\"novalidate\">&nbsp;<\/p>\n<\/form>\n<p>[\/et_pb_text][\/et_pb_column][\/et_pb_row][\/et_pb_section]<\/p>\n","protected":false},"excerpt":{"rendered":"<p>Estas son las condiciones generales de Agualivar Spanish School SL. con CIF B93595254, inscrita en el Registro Mercantil el 5 de febrero de 2018 y con domicilio en \u00abLas Chorreras 73, Lagos-29760, M\u00e1laga. Espa\u00f1a\u00bbPRECIOS Y PAGOS: Puede ver los precios de nuestros programas seleccionando el n\u00famero de semanas y estudiantes. El coste total del curso [&hellip;]<\/p>\n","protected":false},"author":2,"featured_media":0,"parent":7758,"menu_order":0,"comment_status":"closed","ping_status":"closed","template":"","meta":{"_et_pb_use_builder":"on","_et_pb_old_content":"<h3 class=\"title\" style=\"color: #8fa706;\">General conditions<\/h3>\r\n<p>These are the general conditions for Agualivar Spanish School S.L. with CIF B93595254 registered in the Mercantile Registry on 5 February 2018 and with address \"Las Chorreras 73, Lagos-29760, M\u00e1laga. Espa\u00f1a\"<\/p>\r\n<p><strong>PRICES AND PAYMENTS:<\/strong><\/p>\r\n<p>You can see the price of our programs clicking on the number of students and weeks.<\/p>\r\n<p>The course fee is payable in full no less than four weeks before the start date of the course. We reserve the right to cancel any course that has not been paid on time and correctly.<\/p>\r\n<p>All bank charges will be responsability of the student. In the case the bank charges us a commission for receipt of the student payment, we reserve the right to charge them this sum upon their arrival.<\/p>\r\n<p>Prices are valid until 31st of December 2018.<\/p>\r\n<p>Agualivar is not responsible for printing errors that may appear or for errors in publications by third parties.<\/p>\r\n<p><strong>CANCELLATIONS AND REFUNDS:<\/strong><\/p>\r\n<p>The deposit fee (15%) will not be refund in any case.<\/p>\r\n<p>Cancellations must be made in writing (letter, telegram, e-mail or fax). Written evidence of the cancellation is required and therefore cancellations made by telephone will not be deemed valid.<\/p>\r\n<p>In case of cancellations, we will refund you the following amounts depending on the dates:<\/p>\r\n<p>100% of the total amount (except the deposit) before 4 weeks of the starting date.<\/p>\r\n<p>20% of the total amount (except the deposit) between 29 and 15 days before the starting date.<\/p>\r\n<p>No refund shall be granted in the two weeks prior to the start of the course.<\/p>\r\n<p><strong>ADMISSION OR EXPULSION:<\/strong><\/p>\r\n<p>Agualivar reserves the right to accept students aged 16 or under in exceptional cases.<\/p>\r\n<p>In cases of serious disciplinary offence, repeated bad behavior or infringement of the rules of Agualivar school, the student will be expelled from the school and accommodation without the right to a refund.<\/p>\r\n<p>In case damages are caused to third parties, all expenses incurred by Agualivar and originating from the mentioned incident will be charged to the student, who will have no right to later claims.<\/p>\r\n<p>At Agualivar, the respect for the rules is essential. Students study and live with our family, sharing the commun spaces. If students don't follow the rules established, it will be cause for expulsion without right to refund. Some examples of bad behaviors are: having guests stay overnight, making loud noises, smoking in bedrooms, having parties, the consumption of alcohol, the consumption of any narcotic or harmful substance, any other conduct that Agualivar considers inappropriate.<\/p>\r\n<p><strong>OTHER TERMS AND CONDITIONS:<\/strong><\/p>\r\n<p><strong>TRAVEL INSURANCE COVERAGE:<\/strong> Agualivar Spanish School reccommends all students to have a medical and personal liability insurance coverage.<\/p>\r\n<p><strong>PHOTOGRAPHY AND FILM MATERIAL:<\/strong> By accepting Agualivar Spanish School terms and conditions, the student accepts that Agualivar Spanish School freely can use this material, that has been created by Agualivar's staff without asking further approval from the student.<\/p>\r\n<p><strong>LIABILITY AND FORCE MAJEURE:<\/strong> Agualivar Spanish School will not be liable or responsible for any loss, damage, inconvenience, delay in performance, or failure to perform in connection with the provision of any goods or services due to causes beyond Agualivar\u2019s reasonable control, including but not limited to force majeure, fire, natural disaster, acts of government, failure of suppliers or subcontractors, labor disputes or civil unrest, criminal, terrorist or threatened terrorist activities of any kind, public health emergencies, any negligent or willful act or failure to act by any third party, or any other cause beyond the direct control of Agualivar Spanish School. These conditions do not affect your rights as defined by the consumer protection laws in your host country.<\/p>\r\n<p>\u00a0<\/p>\r\n<p><!-- List Panel --><\/p>\r\n<form class=\"wpcf7-form\" action=\"\/wp-admin\/admin-ajax.php?_panelsnonce=f592f5f523#wpcf7-f3466-o1\" method=\"post\" novalidate=\"novalidate\">\r\n<p>\u00a0<\/p>\r\n<\/form>","_et_gb_content_width":"","footnotes":""},"class_list":["post-7781","page","type-page","status-publish","hentry"],"yoast_head":"<!-- This site is optimized with the Yoast SEO plugin v27.4 - https:\/\/yoast.com\/product\/yoast-seo-wordpress\/ -->\n<title>Condiciones Generales - Agualivar Spanish School<\/title>\n<meta name=\"robots\" content=\"index, follow, max-snippet:-1, max-image-preview:large, max-video-preview:-1\" \/>\n<link rel=\"canonical\" href=\"https:\/\/spanishinagualivar.com\/es\/inscribete-ya\/condiciones-generales\/\" \/>\n<meta property=\"og:locale\" content=\"es_ES\" \/>\n<meta property=\"og:type\" content=\"article\" \/>\n<meta property=\"og:title\" content=\"Condiciones Generales - Agualivar Spanish School\" \/>\n<meta property=\"og:description\" content=\"Estas son las condiciones generales de Agualivar Spanish School SL. con CIF B93595254, inscrita en el Registro Mercantil el 5 de febrero de 2018 y con domicilio en &quot;Las Chorreras 73, Lagos-29760, M\u00e1laga. Espa\u00f1a&quot;PRECIOS Y PAGOS: Puede ver los precios de nuestros programas seleccionando el n\u00famero de semanas y estudiantes. El coste total del curso [&hellip;]\" \/>\n<meta property=\"og:url\" content=\"https:\/\/spanishinagualivar.com\/es\/inscribete-ya\/condiciones-generales\/\" \/>\n<meta property=\"og:site_name\" content=\"Agualivar Spanish School\" \/>\n<meta property=\"article:modified_time\" content=\"2025-10-19T13:37:27+00:00\" \/>\n<meta name=\"twitter:card\" content=\"summary_large_image\" \/>\n<meta name=\"twitter:label1\" content=\"Tiempo de lectura\" \/>\n\t<meta name=\"twitter:data1\" content=\"4 minutos\" \/>\n<script type=\"application\/ld+json\" class=\"yoast-schema-graph\">{\"@context\":\"https:\\\/\\\/schema.org\",\"@graph\":[{\"@type\":\"WebPage\",\"@id\":\"https:\\\/\\\/spanishinagualivar.com\\\/es\\\/inscribete-ya\\\/condiciones-generales\\\/\",\"url\":\"https:\\\/\\\/spanishinagualivar.com\\\/es\\\/inscribete-ya\\\/condiciones-generales\\\/\",\"name\":\"Condiciones Generales - Agualivar Spanish School\",\"isPartOf\":{\"@id\":\"https:\\\/\\\/spanishinagualivar.com\\\/es\\\/#website\"},\"datePublished\":\"2019-11-27T08:58:43+00:00\",\"dateModified\":\"2025-10-19T13:37:27+00:00\",\"breadcrumb\":{\"@id\":\"https:\\\/\\\/spanishinagualivar.com\\\/es\\\/inscribete-ya\\\/condiciones-generales\\\/#breadcrumb\"},\"inLanguage\":\"es\",\"potentialAction\":[{\"@type\":\"ReadAction\",\"target\":[\"https:\\\/\\\/spanishinagualivar.com\\\/es\\\/inscribete-ya\\\/condiciones-generales\\\/\"]}]},{\"@type\":\"BreadcrumbList\",\"@id\":\"https:\\\/\\\/spanishinagualivar.com\\\/es\\\/inscribete-ya\\\/condiciones-generales\\\/#breadcrumb\",\"itemListElement\":[{\"@type\":\"ListItem\",\"position\":1,\"name\":\"Home\",\"item\":\"https:\\\/\\\/spanishinagualivar.com\\\/es\\\/learn-spanish-malaga\\\/\"},{\"@type\":\"ListItem\",\"position\":2,\"name\":\"\u00a1Inscr\u00edbete ya!\",\"item\":\"https:\\\/\\\/spanishinagualivar.com\\\/es\\\/inscribete-ya\\\/\"},{\"@type\":\"ListItem\",\"position\":3,\"name\":\"Condiciones Generales\"}]},{\"@type\":\"WebSite\",\"@id\":\"https:\\\/\\\/spanishinagualivar.com\\\/es\\\/#website\",\"url\":\"https:\\\/\\\/spanishinagualivar.com\\\/es\\\/\",\"name\":\"Agualivar Spanish School\",\"description\":\"Spanish immersion in Spain\",\"potentialAction\":[{\"@type\":\"SearchAction\",\"target\":{\"@type\":\"EntryPoint\",\"urlTemplate\":\"https:\\\/\\\/spanishinagualivar.com\\\/es\\\/?s={search_term_string}\"},\"query-input\":{\"@type\":\"PropertyValueSpecification\",\"valueRequired\":true,\"valueName\":\"search_term_string\"}}],\"inLanguage\":\"es\"}]}<\/script>\n<!-- \/ Yoast SEO plugin. -->","yoast_head_json":{"title":"Condiciones Generales - Agualivar Spanish School","robots":{"index":"index","follow":"follow","max-snippet":"max-snippet:-1","max-image-preview":"max-image-preview:large","max-video-preview":"max-video-preview:-1"},"canonical":"https:\/\/spanishinagualivar.com\/es\/inscribete-ya\/condiciones-generales\/","og_locale":"es_ES","og_type":"article","og_title":"Condiciones Generales - Agualivar Spanish School","og_description":"Estas son las condiciones generales de Agualivar Spanish School SL. con CIF B93595254, inscrita en el Registro Mercantil el 5 de febrero de 2018 y con domicilio en \"Las Chorreras 73, Lagos-29760, M\u00e1laga. Espa\u00f1a\"PRECIOS Y PAGOS: Puede ver los precios de nuestros programas seleccionando el n\u00famero de semanas y estudiantes. El coste total del curso [&hellip;]","og_url":"https:\/\/spanishinagualivar.com\/es\/inscribete-ya\/condiciones-generales\/","og_site_name":"Agualivar Spanish School","article_modified_time":"2025-10-19T13:37:27+00:00","twitter_card":"summary_large_image","twitter_misc":{"Tiempo de lectura":"4 minutos"},"schema":{"@context":"https:\/\/schema.org","@graph":[{"@type":"WebPage","@id":"https:\/\/spanishinagualivar.com\/es\/inscribete-ya\/condiciones-generales\/","url":"https:\/\/spanishinagualivar.com\/es\/inscribete-ya\/condiciones-generales\/","name":"Condiciones Generales - Agualivar Spanish School","isPartOf":{"@id":"https:\/\/spanishinagualivar.com\/es\/#website"},"datePublished":"2019-11-27T08:58:43+00:00","dateModified":"2025-10-19T13:37:27+00:00","breadcrumb":{"@id":"https:\/\/spanishinagualivar.com\/es\/inscribete-ya\/condiciones-generales\/#breadcrumb"},"inLanguage":"es","potentialAction":[{"@type":"ReadAction","target":["https:\/\/spanishinagualivar.com\/es\/inscribete-ya\/condiciones-generales\/"]}]},{"@type":"BreadcrumbList","@id":"https:\/\/spanishinagualivar.com\/es\/inscribete-ya\/condiciones-generales\/#breadcrumb","itemListElement":[{"@type":"ListItem","position":1,"name":"Home","item":"https:\/\/spanishinagualivar.com\/es\/learn-spanish-malaga\/"},{"@type":"ListItem","position":2,"name":"\u00a1Inscr\u00edbete ya!","item":"https:\/\/spanishinagualivar.com\/es\/inscribete-ya\/"},{"@type":"ListItem","position":3,"name":"Condiciones Generales"}]},{"@type":"WebSite","@id":"https:\/\/spanishinagualivar.com\/es\/#website","url":"https:\/\/spanishinagualivar.com\/es\/","name":"Agualivar Spanish School","description":"Spanish immersion in Spain","potentialAction":[{"@type":"SearchAction","target":{"@type":"EntryPoint","urlTemplate":"https:\/\/spanishinagualivar.com\/es\/?s={search_term_string}"},"query-input":{"@type":"PropertyValueSpecification","valueRequired":true,"valueName":"search_term_string"}}],"inLanguage":"es"}]}},"_links":{"self":[{"href":"https:\/\/spanishinagualivar.com\/es\/wp-json\/wp\/v2\/pages\/7781","targetHints":{"allow":["GET"]}}],"collection":[{"href":"https:\/\/spanishinagualivar.com\/es\/wp-json\/wp\/v2\/pages"}],"about":[{"href":"https:\/\/spanishinagualivar.com\/es\/wp-json\/wp\/v2\/types\/page"}],"author":[{"embeddable":true,"href":"https:\/\/spanishinagualivar.com\/es\/wp-json\/wp\/v2\/users\/2"}],"replies":[{"embeddable":true,"href":"https:\/\/spanishinagualivar.com\/es\/wp-json\/wp\/v2\/comments?post=7781"}],"version-history":[{"count":5,"href":"https:\/\/spanishinagualivar.com\/es\/wp-json\/wp\/v2\/pages\/7781\/revisions"}],"predecessor-version":[{"id":10742,"href":"https:\/\/spanishinagualivar.com\/es\/wp-json\/wp\/v2\/pages\/7781\/revisions\/10742"}],"up":[{"embeddable":true,"href":"https:\/\/spanishinagualivar.com\/es\/wp-json\/wp\/v2\/pages\/7758"}],"wp:attachment":[{"href":"https:\/\/spanishinagualivar.com\/es\/wp-json\/wp\/v2\/media?parent=7781"}],"curies":[{"name":"wp","href":"https:\/\/api.w.org\/{rel}","templated":true}]}}