{"id":7758,"date":"2019-11-26T16:30:17","date_gmt":"2019-11-26T15:30:17","guid":{"rendered":"https:\/\/spanishinagualivar.com\/inscribete-ya\/"},"modified":"2026-04-11T19:34:38","modified_gmt":"2026-04-11T17:34:38","slug":"inscribete-ya","status":"publish","type":"page","link":"https:\/\/spanishinagualivar.com\/es\/inscribete-ya\/","title":{"rendered":"\u00a1Inscr\u00edbete ya!"},"content":{"rendered":"<p>[et_pb_section fb_built=\u00bb1&#8243; _builder_version=\u00bb4.16&#8243; min_height=\u00bb137px\u00bb custom_margin=\u00bb||-80px|||\u00bb global_colors_info=\u00bb{}\u00bb][et_pb_row _builder_version=\u00bb4.16&#8243; global_colors_info=\u00bb{}\u00bb][et_pb_column type=\u00bb4_4&#8243; _builder_version=\u00bb4.16&#8243; global_colors_info=\u00bb{}\u00bb][et_pb_text _builder_version=\u00bb4.16&#8243; text_font=\u00bbOpen Sans|700|||||||\u00bb text_font_size=\u00bb22px\u00bb header_font=\u00bbOpen Sans|700|||||||\u00bb header_text_align=\u00bbcenter\u00bb header_text_color=\u00bb#8fa706&#8243; text_orientation=\u00bbcenter\u00bb animation_style=\u00bbslide\u00bb border_width_bottom=\u00bb3px\u00bb border_color_bottom=\u00bb#8fa706&#8243; global_colors_info=\u00bb{}\u00bb]<\/p>\n<p style=\"text-align: center;\">\u00a1INSCR\u00cdBETE AHORA! RESERVA TU INMERSI\u00d3N EN ESPA\u00d1OL EN M\u00c1LAGA<\/p>\n<p>[\/et_pb_text][\/et_pb_column][\/et_pb_row][\/et_pb_section][et_pb_section fb_built=\u00bb1&#8243; _builder_version=\u00bb4.16&#8243; custom_padding=\u00bb0px|||||\u00bb global_colors_info=\u00bb{}\u00bb][et_pb_row _builder_version=\u00bb4.16&#8243; global_colors_info=\u00bb{}\u00bb][et_pb_column type=\u00bb4_4&#8243; _builder_version=\u00bb4.16&#8243; global_colors_info=\u00bb{}\u00bb][et_pb_text _builder_version=\u00bb4.16&#8243; text_font=\u00bbOpen Sans||||||||\u00bb global_colors_info=\u00bb{}\u00bb]Antes de ser una escuela de espa\u00f1ol, somos una familia y nos gustar\u00eda dar la bienvenida a nuestros estudiantes como\u00a0 parte de nuestra familia. Por esta raz\u00f3n, es importante para nosotras conocerte mejor. Antes de reservar, m\u00e1ndanos un correo y te diremos la disponibilidad.[\/et_pb_text][\/et_pb_column][\/et_pb_row][\/et_pb_section][et_pb_section fb_built=\u00bb1&#8243; _builder_version=\u00bb4.16&#8243; custom_margin=\u00bb-55px||-205px|||\u00bb custom_padding=\u00bb0px||149px|||\u00bb global_colors_info=\u00bb{}\u00bb][et_pb_row _builder_version=\u00bb4.16&#8243; global_colors_info=\u00bb{}\u00bb][et_pb_column type=\u00bb4_4&#8243; _builder_version=\u00bb4.16&#8243; global_colors_info=\u00bb{}\u00bb][et_pb_blurb title=\u00bbC\u00f3mo inscribirse\u00bb use_icon=\u00bbon\u00bb font_icon=\u00bb&#x6c;||divi||400&#8243; icon_placement=\u00bbleft\u00bb _builder_version=\u00bb4.16&#8243; header_level=\u00bbh1&#8243; header_font=\u00bbOpen Sans Condensed|700|||||||\u00bb header_text_align=\u00bbleft\u00bb global_colors_info=\u00bb{}\u00bb][\/et_pb_blurb][et_pb_tabs active_tab_background_color=\u00bb#8fa706&#8243; active_tab_text_color=\u00bb#ffffff\u00bb _builder_version=\u00bb4.16&#8243; body_font=\u00bbOpen Sans||||||||\u00bb body_text_align=\u00bbjustify\u00bb global_colors_info=\u00bb{}\u00bb][et_pb_tab title=\u00bbEscr\u00edbenos y consulta la disponibilidad\u00bb _builder_version=\u00bb4.16&#8243; global_colors_info=\u00bb{}\u00bb]Como somos una escuela peque\u00f1a, nuestra disponibilidad es muy limitada. Por eso, antes de inscribirte, completa el formulario de abajo. Te responderemos lo antes posible con todas las posibilidades. Si tenemos disponibilidad, puedes inscribirte y pagar el dep\u00f3sito de tu inmersi\u00f3n en espa\u00f1ol en M\u00e1laga.[\/et_pb_tab][et_pb_tab title=\u00bbInscr\u00edbete y paga el dep\u00f3sito\u00bb _builder_version=\u00bb4.16&#8243; global_colors_info=\u00bb{}\u00bb]<\/p>\n<p>Despu\u00e9s de recibir nuestro correo con la confirmaci\u00f3n de disponibilidad, ve a Cursos y cliquea en \u00abComprar este curso\u00bb. Rellena los campos obligatorios y cliquea en \u00abPago\u00bb. Paga el dep\u00f3sito para reservar tu plaza.<\/p>\n<p>Nota: Para las inmersiones que comienzan antes de 6 semanas, se requiere el pago completo de la inmersi\u00f3n.<\/p>\n<p>[\/et_pb_tab][et_pb_tab title=\u00bbPago completo\u00bb _builder_version=\u00bb4.16&#8243; global_colors_info=\u00bb{}\u00bb]<\/p>\n<p>Necesitamos recibir el pago completo 6 semanas antes de comenzar el curso.<\/p>\n<p>El pago completo debe ser abonado no m\u00e1s tarde de seis semanas antes de comenzar el curso. Si haces la reserva tarde, el pago completo debe ser abonado inmediatamente. Los pagos pueden realizarse por transferencia bancaria o tarjeta. Todos los gastos bancarios correr\u00e1n a cargo del pagador. (estudiante).<\/p>\n<p>[\/et_pb_tab][\/et_pb_tabs][\/et_pb_column][\/et_pb_row][\/et_pb_section][et_pb_section fb_built=\u00bb1&#8243; _builder_version=\u00bb4.16&#8243; global_colors_info=\u00bb{}\u00bb][et_pb_row column_structure=\u00bb1_2,1_2&#8243; _builder_version=\u00bb4.16&#8243; global_colors_info=\u00bb{}\u00bb][et_pb_column type=\u00bb1_2&#8243; _builder_version=\u00bb4.16&#8243; global_colors_info=\u00bb{}\u00bb][et_pb_text _builder_version=\u00bb4.16&#8243; text_font=\u00bbOpen Sans|700|||||||\u00bb text_text_color=\u00bb#8fa706&#8243; header_font=\u00bbOpen Sans Condensed|700|||||||\u00bb header_text_color=\u00bb#8fa706&#8243; animation_style=\u00bbslide\u00bb border_width_bottom=\u00bb2px\u00bb border_color_bottom=\u00bb#8fa706&#8243; global_colors_info=\u00bb{}\u00bb]<\/p>\n<h1><span style=\"color: #000000;\"><strong>Formulario de Reserva<\/strong><\/span><\/h1>\n<p>&nbsp;[\/et_pb_text][\/et_pb_column][et_pb_column type=\u00bb1_2&#8243; _builder_version=\u00bb4.16&#8243; global_colors_info=\u00bb{}\u00bb][et_pb_text _builder_version=\u00bb4.16&#8243; text_font=\u00bbOpen Sans||||||||\u00bb custom_margin=\u00bb-34px||10px||false|false\u00bb animation_style=\u00bbslide\u00bb border_width_all=\u00bb3px\u00bb border_color_all=\u00bb#8fa706&#8243; border_style_all=\u00bbdashed\u00bb global_colors_info=\u00bb{}\u00bb]<strong>\u00a1Recuerda!<\/strong>\u00a0Responde a este formulario en espa\u00f1ol, de forma individual y sin ayuda de traductores. Nos ayudar\u00e1 a valorar tu nivel de espa\u00f1ol y ofrecerte las mejores fechas para tu inmersi\u00f3n. \u00a1Gracias![\/et_pb_text][\/et_pb_column][\/et_pb_row][\/et_pb_section][et_pb_section fb_built=\u00bb1&#8243; _builder_version=\u00bb4.16&#8243; custom_margin=\u00bb-177px|||||\u00bb global_colors_info=\u00bb{}\u00bb][et_pb_row _builder_version=\u00bb4.16&#8243; global_colors_info=\u00bb{}\u00bb][et_pb_column type=\u00bb4_4&#8243; _builder_version=\u00bb4.16&#8243; global_colors_info=\u00bb{}\u00bb][et_pb_contact_form _builder_version=\u00bb4.27.6&#8243; _unique_id=\u00bb89db053b-6133-4a59-b785-620374a40071&#8243; captcha_font=\u00bbOpen Sans|700|||||||\u00bb captcha_text_color=\u00bb#8fa706&#8243; captcha_font_size=\u00bb21px\u00bb custom_button=\u00bbon\u00bb button_text_size=\u00bb19px\u00bb button_text_color=\u00bb#ffffff\u00bb button_bg_color=\u00bb#8fa706&#8243; button_border_width=\u00bb0px\u00bb button_border_radius=\u00bb41px\u00bb button_font=\u00bbOpen Sans||||||||\u00bb hover_enabled=\u00bb0&#8243; global_colors_info=\u00bb{}\u00bb sticky_enabled=\u00bb0&#8243;][et_pb_contact_field field_id=\u00bbName\u00bb field_title=\u00bbNombre\u00bb _builder_version=\u00bb4.16&#8243; form_field_font=\u00bbOpen Sans||||||||\u00bb width=\u00bb100%\u00bb global_colors_info=\u00bb{}\u00bb button_text_size__hover_enabled=\u00bboff\u00bb button_one_text_size__hover_enabled=\u00bboff\u00bb button_two_text_size__hover_enabled=\u00bboff\u00bb button_text_color__hover_enabled=\u00bboff\u00bb button_one_text_color__hover_enabled=\u00bboff\u00bb button_two_text_color__hover_enabled=\u00bboff\u00bb button_border_width__hover_enabled=\u00bboff\u00bb button_one_border_width__hover_enabled=\u00bboff\u00bb button_two_border_width__hover_enabled=\u00bboff\u00bb button_border_color__hover_enabled=\u00bboff\u00bb button_one_border_color__hover_enabled=\u00bboff\u00bb button_two_border_color__hover_enabled=\u00bboff\u00bb button_border_radius__hover_enabled=\u00bboff\u00bb button_one_border_radius__hover_enabled=\u00bboff\u00bb button_two_border_radius__hover_enabled=\u00bboff\u00bb button_letter_spacing__hover_enabled=\u00bboff\u00bb button_one_letter_spacing__hover_enabled=\u00bboff\u00bb button_two_letter_spacing__hover_enabled=\u00bboff\u00bb button_bg_color__hover_enabled=\u00bboff\u00bb button_one_bg_color__hover_enabled=\u00bboff\u00bb button_two_bg_color__hover_enabled=\u00bboff\u00bb][\/et_pb_contact_field][et_pb_contact_field field_id=\u00bbLast_Name\u00bb field_title=\u00bbApellido\u00bb _builder_version=\u00bb4.16&#8243; global_colors_info=\u00bb{}\u00bb][\/et_pb_contact_field][et_pb_contact_field field_id=\u00bbEmail\u00bb field_title=\u00bbCorreo electr\u00f3nico\u00bb field_type=\u00bbemail\u00bb _builder_version=\u00bb4.16&#8243; global_colors_info=\u00bb{}\u00bb button_text_size__hover_enabled=\u00bboff\u00bb button_one_text_size__hover_enabled=\u00bboff\u00bb button_two_text_size__hover_enabled=\u00bboff\u00bb button_text_color__hover_enabled=\u00bboff\u00bb button_one_text_color__hover_enabled=\u00bboff\u00bb button_two_text_color__hover_enabled=\u00bboff\u00bb button_border_width__hover_enabled=\u00bboff\u00bb button_one_border_width__hover_enabled=\u00bboff\u00bb button_two_border_width__hover_enabled=\u00bboff\u00bb button_border_color__hover_enabled=\u00bboff\u00bb button_one_border_color__hover_enabled=\u00bboff\u00bb button_two_border_color__hover_enabled=\u00bboff\u00bb button_border_radius__hover_enabled=\u00bboff\u00bb button_one_border_radius__hover_enabled=\u00bboff\u00bb button_two_border_radius__hover_enabled=\u00bboff\u00bb button_letter_spacing__hover_enabled=\u00bboff\u00bb button_one_letter_spacing__hover_enabled=\u00bboff\u00bb button_two_letter_spacing__hover_enabled=\u00bboff\u00bb button_bg_color__hover_enabled=\u00bboff\u00bb button_one_bg_color__hover_enabled=\u00bboff\u00bb button_two_bg_color__hover_enabled=\u00bboff\u00bb][\/et_pb_contact_field][et_pb_contact_field field_id=\u00bbAge\u00bb field_title=\u00bbEdad\u00bb _builder_version=\u00bb4.16&#8243; global_colors_info=\u00bb{}\u00bb][\/et_pb_contact_field][et_pb_contact_field field_id=\u00bbDates\u00bb field_title=\u00bbTus fechas preferidas para la inmersi\u00f3n\u00bb field_type=\u00bbtext\u00bb fullwidth_field=\u00bbon\u00bb _builder_version=\u00bb4.16&#8243; global_colors_info=\u00bb{}\u00bb][\/et_pb_contact_field][et_pb_contact_field field_id=\u00bbMotivations\u00bb field_title=\u00bbIntereses y motivaciones para aprender espa\u00f1ol\u00bb field_type=\u00bbtext\u00bb fullwidth_field=\u00bbon\u00bb _builder_version=\u00bb4.16&#8243; global_colors_info=\u00bb{}\u00bb button_text_size__hover_enabled=\u00bboff\u00bb button_one_text_size__hover_enabled=\u00bboff\u00bb button_two_text_size__hover_enabled=\u00bboff\u00bb button_text_color__hover_enabled=\u00bboff\u00bb button_one_text_color__hover_enabled=\u00bboff\u00bb button_two_text_color__hover_enabled=\u00bboff\u00bb button_border_width__hover_enabled=\u00bboff\u00bb button_one_border_width__hover_enabled=\u00bboff\u00bb button_two_border_width__hover_enabled=\u00bboff\u00bb button_border_color__hover_enabled=\u00bboff\u00bb button_one_border_color__hover_enabled=\u00bboff\u00bb button_two_border_color__hover_enabled=\u00bboff\u00bb button_border_radius__hover_enabled=\u00bboff\u00bb button_one_border_radius__hover_enabled=\u00bboff\u00bb button_two_border_radius__hover_enabled=\u00bboff\u00bb button_letter_spacing__hover_enabled=\u00bboff\u00bb button_one_letter_spacing__hover_enabled=\u00bboff\u00bb button_two_letter_spacing__hover_enabled=\u00bboff\u00bb button_bg_color__hover_enabled=\u00bboff\u00bb button_one_bg_color__hover_enabled=\u00bboff\u00bb button_two_bg_color__hover_enabled=\u00bboff\u00bb][\/et_pb_contact_field][et_pb_contact_field field_id=\u00bbBackground\u00bb field_title=\u00bbExperiencias previas estudiando espa\u00f1ol\u00bb field_type=\u00bbtext\u00bb fullwidth_field=\u00bbon\u00bb _builder_version=\u00bb4.16&#8243; global_colors_info=\u00bb{}\u00bb][\/et_pb_contact_field][et_pb_contact_field field_id=\u00bbLevel\u00bb field_title=\u00bb\u00bfQu\u00e9 nivel de espa\u00f1ol tienes? Lee las siguientes descripciones y selecciona la m\u00e1s adecuada seg\u00fan tus habilidades.\u00bb field_type=\u00bbcheckbox\u00bb checkbox_options=\u00bb%91{%22value%22:%22Puedo presentarme a m\u00ed mismo\/a y a otros, pedir y dar informaci\u00f3n personal b\u00e1sica sobre mi domicilio, mis pertenencias y otras personas que conozco.%22,%22checked%22:0,%22dragID%22:-1,%22link_url%22:%22%22,%22link_text%22:%22%22},{%22value%22:%22Puedo hablar sobre m\u00ed mismo y mi familia, mi entorno, lugares de inter\u00e9s\u2026 Puedo describir mi pasado y algunas experiencias. %22,%22checked%22:0,%22dragID%22:2,%22link_url%22:%22%22,%22link_text%22:%22%22},{%22value%22:%22Puedo describir experiencias, acontecimientos, deseos y aspiraciones. Soy capaz de explicar mis planes y justificar brevemente mis opiniones.%22,%22checked%22:0,%22dragID%22:1,%22link_url%22:%22%22,%22link_text%22:%22%22},{%22value%22:%22Puedo relacionarme con hablantes nativos con suficiente de fluidez y naturalidad. Puedo producir textos claros y detallados sobre temas diversos y defender un punto de vista sobre temas generales, indicando los pros y los contras de las distintas opciones.  %22,%22checked%22:0,%22dragID%22:0,%22link_url%22:%22%22,%22link_text%22:%22%22},{%22value%22:%22Puedo expresarme de forma fluida y espont\u00e1nea sin apenas esfuerzo para encontrar la expresi\u00f3n adecuada. Puedo usar el idioma de forma flexible y efectiva con fines sociales, acad\u00e9micos y profesionales. %22,%22checked%22:0,%22dragID%22:3,%22link_url%22:%22%22,%22link_text%22:%22%22}%93&#8243; fullwidth_field=\u00bbon\u00bb _builder_version=\u00bb4.16&#8243; global_colors_info=\u00bb{}\u00bb][\/et_pb_contact_field][et_pb_contact_field field_id=\u00bbIntroduction\u00bb field_title=\u00bb\u00a1Queremos conocerte un poco mejor! H\u00e1blanos un poco de ti indicando: nombre, edad, nacionalidad\/origen, lugar de residencia, familia, profesi\u00f3n y lugar de trabajo, lenguas y aficiones.\u00bb field_type=\u00bbtext\u00bb fullwidth_field=\u00bbon\u00bb _builder_version=\u00bb4.16&#8243; global_colors_info=\u00bb{}\u00bb][\/et_pb_contact_field][\/et_pb_contact_form][\/et_pb_column][\/et_pb_row][\/et_pb_section]<\/p>\n","protected":false},"excerpt":{"rendered":"<p>\u00a1INSCR\u00cdBETE AHORA! RESERVA TU INMERSI\u00d3N EN ESPA\u00d1OL EN M\u00c1LAGAAntes de ser una escuela de espa\u00f1ol, somos una familia y nos gustar\u00eda dar la bienvenida a nuestros estudiantes como\u00a0 parte de nuestra familia. Por esta raz\u00f3n, es importante para nosotras conocerte mejor. Antes de reservar, m\u00e1ndanos un correo y te diremos la disponibilidad.Como somos una escuela [&hellip;]<\/p>\n","protected":false},"author":2,"featured_media":0,"parent":0,"menu_order":0,"comment_status":"closed","ping_status":"closed","template":"","meta":{"_et_pb_use_builder":"on","_et_pb_old_content":"<h3 class=\"title\" style=\"color: #8fa706;\">Apply Now! Book your Spanish immersion in Malaga.<\/h3>\r\n<p class=\"sub-heading\">Live a real Spanish immersion with Agualivar. Book your Spanish immersion in Malaga now. It is easy and quick! :)<\/p>\r\n\u00a0\r\n<h3 class=\"title\" style=\"color: #8fa706;\">How To Apply<\/h3>\r\n<h3 class=\"widget-title\">Register now and start your immersion!<\/h3>\r\nHowdy, Agualivar Spanish School | <a title=\" Logout?\" href=\"http:\/\/spanishinagualivar.com\/wp-login.php?action=logout&redirect_to=http%3A%2F%2Fspanishinagualivar.com&_wpnonce=f27db77de4\"> Logout?<\/a>\r\n<p class=\"message message-success\">You have logged in. You better go to <a href=\"http:\/\/spanishinagualivar.com\">Home<\/a><\/p>\r\n\r\n<ul class=\"nav nav-tabs\" role=\"tablist\">\r\n \t<li class=\"active\" role=\"presentation\"><a role=\"tab\" href=\"#thim-widget-tab-11487872111-1-20\" data-toggle=\"tab\"><i class=\"fa fa-user-plus\"><\/i>Register on our Website<\/a><\/li>\r\n \t<li role=\"presentation\"><a role=\"tab\" href=\"#thim-widget-tab-21487872111-1-20\" data-toggle=\"tab\"><i class=\"fa fa-list-ol\"><\/i>Choose your course and payment method<\/a><\/li>\r\n \t<li role=\"presentation\"><a role=\"tab\" href=\"#thim-widget-tab-31487872111-1-20\" data-toggle=\"tab\"><i class=\"fa fa-book\"><\/i>Enrolment form and Level Test<\/a><\/li>\r\n<\/ul>\r\n1st Step: Register on our website with your social network or email. In the latter case, you will receive an automatic email with your username and password.\r\n\r\nWith your account, you will be able to choose and book your Spanish Immersion in Malaga! 2nd Step: Once you are logged in, go to Courses and click on \"Take this course\". Click on \"Checkout\" and choose your Payment method.\r\n\r\nNote: In order to reserve or book your Spanish immersion program in Malaga, a deposit of 180\u20ac is required. The deposit is part of the total fees due.\r\n\r\nFull payment of fees must be paid not later than four weeks before the course starts. If you make a late booking, full payment must be made immediately. Payments can be made by transfer bank or paypal. All banks expenses are charged to the payer (student).\r\n\r\n3rd Step: Submit the Enrolment form and click on \"Place Order\"\r\n\r\nOnce we receive your Enrolment form, we will give you acces to do the Level Test through our website.","_et_gb_content_width":"","footnotes":""},"class_list":["post-7758","page","type-page","status-publish","hentry"],"yoast_head":"<!-- This site is optimized with the Yoast SEO plugin v27.4 - https:\/\/yoast.com\/product\/yoast-seo-wordpress\/ -->\n<title>Reserva tu inmersi\u00f3n en espa\u00f1ol en M\u00e1laga<\/title>\n<meta name=\"description\" content=\"\u00a1Inscr\u00edbete ya! Vive una inmersi\u00f3n real en espa\u00f1ol con Agualivar. Reserva tu inmersi\u00f3n en espa\u00f1ol en M\u00e1laga. \u00a1Es f\u00e1cil y r\u00e1pido! Contacta con nosotras.\" \/>\n<meta name=\"robots\" content=\"index, follow, max-snippet:-1, max-image-preview:large, max-video-preview:-1\" \/>\n<link rel=\"canonical\" href=\"https:\/\/spanishinagualivar.com\/es\/inscribete-ya\/\" \/>\n<meta property=\"og:locale\" content=\"es_ES\" \/>\n<meta property=\"og:type\" content=\"article\" \/>\n<meta property=\"og:title\" content=\"Reserva tu inmersi\u00f3n en espa\u00f1ol en M\u00e1laga\" \/>\n<meta property=\"og:description\" content=\"\u00a1Inscr\u00edbete ya! Vive una inmersi\u00f3n real en espa\u00f1ol con Agualivar. Reserva tu inmersi\u00f3n en espa\u00f1ol en M\u00e1laga. \u00a1Es f\u00e1cil y r\u00e1pido! Contacta con nosotras.\" \/>\n<meta property=\"og:url\" content=\"https:\/\/spanishinagualivar.com\/es\/inscribete-ya\/\" \/>\n<meta property=\"og:site_name\" content=\"Agualivar Spanish School\" \/>\n<meta property=\"article:modified_time\" content=\"2026-04-11T17:34:38+00:00\" \/>\n<meta name=\"twitter:card\" content=\"summary_large_image\" \/>\n<meta name=\"twitter:label1\" content=\"Tiempo de lectura\" \/>\n\t<meta name=\"twitter:data1\" content=\"3 minutos\" \/>\n<script type=\"application\/ld+json\" class=\"yoast-schema-graph\">{\"@context\":\"https:\\\/\\\/schema.org\",\"@graph\":[{\"@type\":\"WebPage\",\"@id\":\"https:\\\/\\\/spanishinagualivar.com\\\/es\\\/inscribete-ya\\\/\",\"url\":\"https:\\\/\\\/spanishinagualivar.com\\\/es\\\/inscribete-ya\\\/\",\"name\":\"Reserva tu inmersi\u00f3n en espa\u00f1ol en M\u00e1laga\",\"isPartOf\":{\"@id\":\"https:\\\/\\\/spanishinagualivar.com\\\/es\\\/#website\"},\"datePublished\":\"2019-11-26T15:30:17+00:00\",\"dateModified\":\"2026-04-11T17:34:38+00:00\",\"description\":\"\u00a1Inscr\u00edbete ya! Vive una inmersi\u00f3n real en espa\u00f1ol con Agualivar. Reserva tu inmersi\u00f3n en espa\u00f1ol en M\u00e1laga. \u00a1Es f\u00e1cil y r\u00e1pido! Contacta con nosotras.\",\"breadcrumb\":{\"@id\":\"https:\\\/\\\/spanishinagualivar.com\\\/es\\\/inscribete-ya\\\/#breadcrumb\"},\"inLanguage\":\"es\",\"potentialAction\":[{\"@type\":\"ReadAction\",\"target\":[\"https:\\\/\\\/spanishinagualivar.com\\\/es\\\/inscribete-ya\\\/\"]}]},{\"@type\":\"BreadcrumbList\",\"@id\":\"https:\\\/\\\/spanishinagualivar.com\\\/es\\\/inscribete-ya\\\/#breadcrumb\",\"itemListElement\":[{\"@type\":\"ListItem\",\"position\":1,\"name\":\"Home\",\"item\":\"https:\\\/\\\/spanishinagualivar.com\\\/es\\\/learn-spanish-malaga\\\/\"},{\"@type\":\"ListItem\",\"position\":2,\"name\":\"\u00a1Inscr\u00edbete ya!\"}]},{\"@type\":\"WebSite\",\"@id\":\"https:\\\/\\\/spanishinagualivar.com\\\/es\\\/#website\",\"url\":\"https:\\\/\\\/spanishinagualivar.com\\\/es\\\/\",\"name\":\"Agualivar Spanish School\",\"description\":\"Spanish immersion in Spain\",\"potentialAction\":[{\"@type\":\"SearchAction\",\"target\":{\"@type\":\"EntryPoint\",\"urlTemplate\":\"https:\\\/\\\/spanishinagualivar.com\\\/es\\\/?s={search_term_string}\"},\"query-input\":{\"@type\":\"PropertyValueSpecification\",\"valueRequired\":true,\"valueName\":\"search_term_string\"}}],\"inLanguage\":\"es\"}]}<\/script>\n<!-- \/ Yoast SEO plugin. -->","yoast_head_json":{"title":"Reserva tu inmersi\u00f3n en espa\u00f1ol en M\u00e1laga","description":"\u00a1Inscr\u00edbete ya! Vive una inmersi\u00f3n real en espa\u00f1ol con Agualivar. Reserva tu inmersi\u00f3n en espa\u00f1ol en M\u00e1laga. \u00a1Es f\u00e1cil y r\u00e1pido! Contacta con nosotras.","robots":{"index":"index","follow":"follow","max-snippet":"max-snippet:-1","max-image-preview":"max-image-preview:large","max-video-preview":"max-video-preview:-1"},"canonical":"https:\/\/spanishinagualivar.com\/es\/inscribete-ya\/","og_locale":"es_ES","og_type":"article","og_title":"Reserva tu inmersi\u00f3n en espa\u00f1ol en M\u00e1laga","og_description":"\u00a1Inscr\u00edbete ya! Vive una inmersi\u00f3n real en espa\u00f1ol con Agualivar. Reserva tu inmersi\u00f3n en espa\u00f1ol en M\u00e1laga. \u00a1Es f\u00e1cil y r\u00e1pido! Contacta con nosotras.","og_url":"https:\/\/spanishinagualivar.com\/es\/inscribete-ya\/","og_site_name":"Agualivar Spanish School","article_modified_time":"2026-04-11T17:34:38+00:00","twitter_card":"summary_large_image","twitter_misc":{"Tiempo de lectura":"3 minutos"},"schema":{"@context":"https:\/\/schema.org","@graph":[{"@type":"WebPage","@id":"https:\/\/spanishinagualivar.com\/es\/inscribete-ya\/","url":"https:\/\/spanishinagualivar.com\/es\/inscribete-ya\/","name":"Reserva tu inmersi\u00f3n en espa\u00f1ol en M\u00e1laga","isPartOf":{"@id":"https:\/\/spanishinagualivar.com\/es\/#website"},"datePublished":"2019-11-26T15:30:17+00:00","dateModified":"2026-04-11T17:34:38+00:00","description":"\u00a1Inscr\u00edbete ya! Vive una inmersi\u00f3n real en espa\u00f1ol con Agualivar. Reserva tu inmersi\u00f3n en espa\u00f1ol en M\u00e1laga. \u00a1Es f\u00e1cil y r\u00e1pido! Contacta con nosotras.","breadcrumb":{"@id":"https:\/\/spanishinagualivar.com\/es\/inscribete-ya\/#breadcrumb"},"inLanguage":"es","potentialAction":[{"@type":"ReadAction","target":["https:\/\/spanishinagualivar.com\/es\/inscribete-ya\/"]}]},{"@type":"BreadcrumbList","@id":"https:\/\/spanishinagualivar.com\/es\/inscribete-ya\/#breadcrumb","itemListElement":[{"@type":"ListItem","position":1,"name":"Home","item":"https:\/\/spanishinagualivar.com\/es\/learn-spanish-malaga\/"},{"@type":"ListItem","position":2,"name":"\u00a1Inscr\u00edbete ya!"}]},{"@type":"WebSite","@id":"https:\/\/spanishinagualivar.com\/es\/#website","url":"https:\/\/spanishinagualivar.com\/es\/","name":"Agualivar Spanish School","description":"Spanish immersion in Spain","potentialAction":[{"@type":"SearchAction","target":{"@type":"EntryPoint","urlTemplate":"https:\/\/spanishinagualivar.com\/es\/?s={search_term_string}"},"query-input":{"@type":"PropertyValueSpecification","valueRequired":true,"valueName":"search_term_string"}}],"inLanguage":"es"}]}},"_links":{"self":[{"href":"https:\/\/spanishinagualivar.com\/es\/wp-json\/wp\/v2\/pages\/7758","targetHints":{"allow":["GET"]}}],"collection":[{"href":"https:\/\/spanishinagualivar.com\/es\/wp-json\/wp\/v2\/pages"}],"about":[{"href":"https:\/\/spanishinagualivar.com\/es\/wp-json\/wp\/v2\/types\/page"}],"author":[{"embeddable":true,"href":"https:\/\/spanishinagualivar.com\/es\/wp-json\/wp\/v2\/users\/2"}],"replies":[{"embeddable":true,"href":"https:\/\/spanishinagualivar.com\/es\/wp-json\/wp\/v2\/comments?post=7758"}],"version-history":[{"count":4,"href":"https:\/\/spanishinagualivar.com\/es\/wp-json\/wp\/v2\/pages\/7758\/revisions"}],"predecessor-version":[{"id":12839,"href":"https:\/\/spanishinagualivar.com\/es\/wp-json\/wp\/v2\/pages\/7758\/revisions\/12839"}],"wp:attachment":[{"href":"https:\/\/spanishinagualivar.com\/es\/wp-json\/wp\/v2\/media?parent=7758"}],"curies":[{"name":"wp","href":"https:\/\/api.w.org\/{rel}","templated":true}]}}