{"id":6613,"date":"2018-03-16T09:28:50","date_gmt":"2018-03-16T08:28:50","guid":{"rendered":"https:\/\/spanishinagualivar.com\/organic-law-personal-data-protection\/"},"modified":"2019-12-04T11:37:47","modified_gmt":"2019-12-04T10:37:47","slug":"lopd","status":"publish","type":"page","link":"https:\/\/spanishinagualivar.com\/es\/lopd\/","title":{"rendered":"LOPD"},"content":{"rendered":"<p>[et_pb_section][et_pb_row][et_pb_column type=\u00bb4_4&#8243;][et_pb_text]<\/p>\n<p>En cumplimiento del art\u00edculo 5 de la Ley 15\/1999, por el que se regula el derecho de informaci\u00f3n en la recogida de los datos, y del Reglamento (UE) 2016\/679 del Parlamento Europeo y del Consejo de 27 de abril de 2016, se advierte que todos los datos de car\u00e1cter personal que pudieran constar en dicho formulario, se incluir\u00e1n en el fichero de nombre \u201cclientes y\/o proveedores\u201d titularidad de AGUALIVAR SPANISH SCHOOL S.L. La finalidad del fichero es la gesti\u00f3n de los datos correspondientes a los clientes y\/o proveedores de AGUALIVAR SPANISH SCHOOL. Ponemos en su conocimiento la posibilidad de ejercer sus derechos de acceso, rectificaci\u00f3n, cancelaci\u00f3n y oposici\u00f3n, en los t\u00e9rminos establecidos en la legislaci\u00f3n vigente, que podr\u00e1 hacer efectivos dirigi\u00e9ndose por escrito a AGUALIVAR SPANISH SCHOOL, S.L.,\u00a0en Las Chorreras, 73, buz\u00f3n 35 29760 Lagos, M\u00e1laga, o a trav\u00e9s de la direcci\u00f3n de correo electr\u00f3nico\u00a0<a href=\"mailto:info@spanishinagualivar.com\"><strong>info@spanishinagualivar.com<\/strong><\/a><\/p>\n<p>[\/et_pb_text][\/et_pb_column][\/et_pb_row][\/et_pb_section]<\/p>\n","protected":false},"excerpt":{"rendered":"<p><div class=\"et_pb_section et_pb_section_0 et_section_regular\" >\n\t\t\t\t\n\t\t\t\t\n\t\t\t\t\n\t\t\t\t\n\t\t\t\t\n\t\t\t\t\n\t\t\t\t\n\t\t\t\t\n\t\t\t\t\n\t\t\t<\/div><div class=\"et_pb_row et_pb_row_0 et_pb_row_empty\">\n\t\t\t\t\n\t\t\t\t\n\t\t\t\t\n\t\t\t\t\n\t\t\t\t\n\t\t\t<\/div><div class=\"et_pb_module et_pb_text et_pb_text_0  et_pb_text_align_left et_pb_bg_layout_light\">\n\t\t\t\t\n\t\t\t\t\n\t\t\t\t\n\t\t\t\t\n\t\t\t\t\n\t\t\t<\/div> En cumplimiento del art\u00edculo 5 de la Ley 15\/1999, por el que se regula el derecho de informaci\u00f3n en la recogida de los datos, y del Reglamento (UE) 2016\/679 del Parlamento Europeo y del Consejo de 27 de abril de 2016, se advierte que todos los datos de car\u00e1cter personal que pudieran constar en [&hellip;]<\/p>\n","protected":false},"author":2,"featured_media":0,"parent":0,"menu_order":0,"comment_status":"closed","ping_status":"closed","template":"","meta":{"_et_pb_use_builder":"on","_et_pb_old_content":"","_et_gb_content_width":"","footnotes":""},"class_list":["post-6613","page","type-page","status-publish","hentry"],"yoast_head":"<!-- This site is optimized with the Yoast SEO plugin v27.4 - https:\/\/yoast.com\/product\/yoast-seo-wordpress\/ -->\n<title>LOPD - Agualivar Spanish School<\/title>\n<meta name=\"robots\" content=\"index, follow, max-snippet:-1, max-image-preview:large, max-video-preview:-1\" \/>\n<link rel=\"canonical\" href=\"https:\/\/spanishinagualivar.com\/es\/lopd\/\" \/>\n<meta property=\"og:locale\" content=\"es_ES\" \/>\n<meta property=\"og:type\" content=\"article\" \/>\n<meta property=\"og:title\" content=\"LOPD - Agualivar Spanish School\" \/>\n<meta property=\"og:description\" content=\"En cumplimiento del art\u00edculo 5 de la Ley 15\/1999, por el que se regula el derecho de informaci\u00f3n en la recogida de los datos, y del Reglamento (UE) 2016\/679 del Parlamento Europeo y del Consejo de 27 de abril de 2016, se advierte que todos los datos de car\u00e1cter personal que pudieran constar en [&hellip;]\" \/>\n<meta property=\"og:url\" content=\"https:\/\/spanishinagualivar.com\/es\/lopd\/\" \/>\n<meta property=\"og:site_name\" content=\"Agualivar Spanish School\" \/>\n<meta property=\"article:modified_time\" content=\"2019-12-04T10:37:47+00:00\" \/>\n<meta name=\"twitter:card\" content=\"summary_large_image\" \/>\n<meta name=\"twitter:label1\" content=\"Tiempo de lectura\" \/>\n\t<meta name=\"twitter:data1\" content=\"1 minuto\" \/>\n<script type=\"application\/ld+json\" class=\"yoast-schema-graph\">{\"@context\":\"https:\\\/\\\/schema.org\",\"@graph\":[{\"@type\":\"WebPage\",\"@id\":\"https:\\\/\\\/spanishinagualivar.com\\\/es\\\/lopd\\\/\",\"url\":\"https:\\\/\\\/spanishinagualivar.com\\\/es\\\/lopd\\\/\",\"name\":\"LOPD - Agualivar Spanish School\",\"isPartOf\":{\"@id\":\"https:\\\/\\\/spanishinagualivar.com\\\/es\\\/#website\"},\"datePublished\":\"2018-03-16T08:28:50+00:00\",\"dateModified\":\"2019-12-04T10:37:47+00:00\",\"breadcrumb\":{\"@id\":\"https:\\\/\\\/spanishinagualivar.com\\\/es\\\/lopd\\\/#breadcrumb\"},\"inLanguage\":\"es\",\"potentialAction\":[{\"@type\":\"ReadAction\",\"target\":[\"https:\\\/\\\/spanishinagualivar.com\\\/es\\\/lopd\\\/\"]}]},{\"@type\":\"BreadcrumbList\",\"@id\":\"https:\\\/\\\/spanishinagualivar.com\\\/es\\\/lopd\\\/#breadcrumb\",\"itemListElement\":[{\"@type\":\"ListItem\",\"position\":1,\"name\":\"Home\",\"item\":\"https:\\\/\\\/spanishinagualivar.com\\\/es\\\/learn-spanish-malaga\\\/\"},{\"@type\":\"ListItem\",\"position\":2,\"name\":\"LOPD\"}]},{\"@type\":\"WebSite\",\"@id\":\"https:\\\/\\\/spanishinagualivar.com\\\/es\\\/#website\",\"url\":\"https:\\\/\\\/spanishinagualivar.com\\\/es\\\/\",\"name\":\"Agualivar Spanish School\",\"description\":\"Spanish immersion in Spain\",\"potentialAction\":[{\"@type\":\"SearchAction\",\"target\":{\"@type\":\"EntryPoint\",\"urlTemplate\":\"https:\\\/\\\/spanishinagualivar.com\\\/es\\\/?s={search_term_string}\"},\"query-input\":{\"@type\":\"PropertyValueSpecification\",\"valueRequired\":true,\"valueName\":\"search_term_string\"}}],\"inLanguage\":\"es\"}]}<\/script>\n<!-- \/ Yoast SEO plugin. -->","yoast_head_json":{"title":"LOPD - Agualivar Spanish School","robots":{"index":"index","follow":"follow","max-snippet":"max-snippet:-1","max-image-preview":"max-image-preview:large","max-video-preview":"max-video-preview:-1"},"canonical":"https:\/\/spanishinagualivar.com\/es\/lopd\/","og_locale":"es_ES","og_type":"article","og_title":"LOPD - Agualivar Spanish School","og_description":"En cumplimiento del art\u00edculo 5 de la Ley 15\/1999, por el que se regula el derecho de informaci\u00f3n en la recogida de los datos, y del Reglamento (UE) 2016\/679 del Parlamento Europeo y del Consejo de 27 de abril de 2016, se advierte que todos los datos de car\u00e1cter personal que pudieran constar en [&hellip;]","og_url":"https:\/\/spanishinagualivar.com\/es\/lopd\/","og_site_name":"Agualivar Spanish School","article_modified_time":"2019-12-04T10:37:47+00:00","twitter_card":"summary_large_image","twitter_misc":{"Tiempo de lectura":"1 minuto"},"schema":{"@context":"https:\/\/schema.org","@graph":[{"@type":"WebPage","@id":"https:\/\/spanishinagualivar.com\/es\/lopd\/","url":"https:\/\/spanishinagualivar.com\/es\/lopd\/","name":"LOPD - Agualivar Spanish School","isPartOf":{"@id":"https:\/\/spanishinagualivar.com\/es\/#website"},"datePublished":"2018-03-16T08:28:50+00:00","dateModified":"2019-12-04T10:37:47+00:00","breadcrumb":{"@id":"https:\/\/spanishinagualivar.com\/es\/lopd\/#breadcrumb"},"inLanguage":"es","potentialAction":[{"@type":"ReadAction","target":["https:\/\/spanishinagualivar.com\/es\/lopd\/"]}]},{"@type":"BreadcrumbList","@id":"https:\/\/spanishinagualivar.com\/es\/lopd\/#breadcrumb","itemListElement":[{"@type":"ListItem","position":1,"name":"Home","item":"https:\/\/spanishinagualivar.com\/es\/learn-spanish-malaga\/"},{"@type":"ListItem","position":2,"name":"LOPD"}]},{"@type":"WebSite","@id":"https:\/\/spanishinagualivar.com\/es\/#website","url":"https:\/\/spanishinagualivar.com\/es\/","name":"Agualivar Spanish School","description":"Spanish immersion in Spain","potentialAction":[{"@type":"SearchAction","target":{"@type":"EntryPoint","urlTemplate":"https:\/\/spanishinagualivar.com\/es\/?s={search_term_string}"},"query-input":{"@type":"PropertyValueSpecification","valueRequired":true,"valueName":"search_term_string"}}],"inLanguage":"es"}]}},"_links":{"self":[{"href":"https:\/\/spanishinagualivar.com\/es\/wp-json\/wp\/v2\/pages\/6613","targetHints":{"allow":["GET"]}}],"collection":[{"href":"https:\/\/spanishinagualivar.com\/es\/wp-json\/wp\/v2\/pages"}],"about":[{"href":"https:\/\/spanishinagualivar.com\/es\/wp-json\/wp\/v2\/types\/page"}],"author":[{"embeddable":true,"href":"https:\/\/spanishinagualivar.com\/es\/wp-json\/wp\/v2\/users\/2"}],"replies":[{"embeddable":true,"href":"https:\/\/spanishinagualivar.com\/es\/wp-json\/wp\/v2\/comments?post=6613"}],"version-history":[{"count":3,"href":"https:\/\/spanishinagualivar.com\/es\/wp-json\/wp\/v2\/pages\/6613\/revisions"}],"predecessor-version":[{"id":7653,"href":"https:\/\/spanishinagualivar.com\/es\/wp-json\/wp\/v2\/pages\/6613\/revisions\/7653"}],"wp:attachment":[{"href":"https:\/\/spanishinagualivar.com\/es\/wp-json\/wp\/v2\/media?parent=6613"}],"curies":[{"name":"wp","href":"https:\/\/api.w.org\/{rel}","templated":true}]}}