{"id":12937,"date":"2026-05-14T15:13:22","date_gmt":"2026-05-14T13:13:22","guid":{"rendered":"https:\/\/spanishinagualivar.com\/?page_id=12937"},"modified":"2026-05-14T15:42:10","modified_gmt":"2026-05-14T13:42:10","slug":"condiciones-generales-espanol-senderismo","status":"publish","type":"page","link":"https:\/\/spanishinagualivar.com\/es\/inscribete-ya\/condiciones-generales-espanol-senderismo\/","title":{"rendered":"Condiciones Generales espa\u00f1ol y senderismo"},"content":{"rendered":"<p>[et_pb_section fb_built=\u00bb1&#8243; fullwidth=\u00bbon\u00bb _builder_version=\u00bb4.16&#8243; global_colors_info=\u00bb{}\u00bb][et_pb_fullwidth_header title=\u00bbCondiciones Generales programa de %22ESPA\u00d1OL Y SENDERISMO %22&#8243; _builder_version=\u00bb4.27.6&#8243; title_font=\u00bbOpen Sans Condensed|700|||||||\u00bb title_text_align=\u00bbcenter\u00bb title_font_size=\u00bb49px\u00bb global_colors_info=\u00bb{}\u00bb][\/et_pb_fullwidth_header][\/et_pb_section][et_pb_section fb_built=\u00bb1&#8243; _builder_version=\u00bb4.16&#8243; custom_margin=\u00bb-2px||-82px|||\u00bb global_colors_info=\u00bb{}\u00bb][et_pb_row _builder_version=\u00bb4.16&#8243; global_colors_info=\u00bb{}\u00bb][et_pb_column type=\u00bb4_4&#8243; _builder_version=\u00bb4.16&#8243; global_colors_info=\u00bb{}\u00bb][et_pb_text _builder_version=\u00bb4.16&#8243; text_font=\u00bbOpen Sans||||||||\u00bb global_colors_info=\u00bb{}\u00bb]Estas son las condiciones generales de Agualivar Spanish School SL. con CIF B93595254, inscrita en el Registro Mercantil el 5 de febrero de 2018 y con domicilio en \u00abLas Chorreras 73, Lagos-29760, M\u00e1laga. Espa\u00f1a\u00bb[\/et_pb_text][\/et_pb_column][\/et_pb_row][\/et_pb_section][et_pb_section fb_built=\u00bb1&#8243; admin_label=\u00bbsection\u00bb _builder_version=\u00bb4.16&#8243; global_colors_info=\u00bb{}\u00bb][et_pb_row column_structure=\u00bb1_3,1_3,1_3&#8243; admin_label=\u00bbrow\u00bb _builder_version=\u00bb4.16&#8243; background_size=\u00bbinitial\u00bb background_position=\u00bbtop_left\u00bb background_repeat=\u00bbrepeat\u00bb global_colors_info=\u00bb{}\u00bb][et_pb_column type=\u00bb1_3&#8243; _builder_version=\u00bb4.16&#8243; custom_padding=\u00bb|||\u00bb global_colors_info=\u00bb{}\u00bb custom_padding__hover=\u00bb|||\u00bb][et_pb_text _builder_version=\u00bb4.27.6&#8243; text_font=\u00bbOpen Sans||||||||\u00bb header_font=\u00bbOpen Sans Condensed||||||||\u00bb header_3_font=\u00bbOpen Sans Condensed|700|||||||\u00bb header_3_text_align=\u00bbcenter\u00bb text_orientation=\u00bbjustified\u00bb global_colors_info=\u00bb{}\u00bb]<\/p>\n<h2><strong>SOBRE EL PROGRAMA DE INMERSI\u00d3N:<\/strong><\/h2>\n<p>Este curso es una experiencia \u00fanica de inmersi\u00f3n en espa\u00f1ol en plena naturaleza, combinando senderismo con actividades en espa\u00f1ol que pueden incluir visitas a pueblos de la Sierra, oleoturismo, talleres de artesan\u00eda u otros similares. Se realiza en <strong>fechas concretas<\/strong>, con <strong>grupos reducidos<\/strong>, de un m\u00e1ximo de 5 estudiantes y 2 profesoras para garantizar el uso del <strong>espa\u00f1ol como \u00fanica lengua de comunicaci\u00f3n<\/strong> y aprendizaje durante la inmersi\u00f3n.<\/p>\n<p>Agualivar no es responsable de errores de imprenta que pueden aparecer o por errores en publicaciones de terceras partes.<\/p>\n<p>[\/et_pb_text][et_pb_text _builder_version=\u00bb4.27.6&#8243; text_font=\u00bbOpen Sans||||||||\u00bb header_font=\u00bbOpen Sans Condensed||||||||\u00bb header_3_font=\u00bbOpen Sans Condensed|700|||||||\u00bb header_3_text_align=\u00bbcenter\u00bb text_orientation=\u00bbjustified\u00bb global_colors_info=\u00bb{}\u00bb]<\/p>\n<h2><strong>GRUPO M\u00cdNIMO:<\/strong><\/h2>\n<p>El curso se realiza con un m\u00ednimo de <strong>4 participantes<\/strong>.<br \/>Si no se alcanza ese n\u00famero:<\/p>\n<ul>\n<li>Se procede a la cancelaci\u00f3n de la inmersi\u00f3n.<\/li>\n<li>Se realiza un <strong>reembolso completo<\/strong><\/li>\n<\/ul>\n<p>.<\/p>\n<p>[\/et_pb_text][et_pb_text _builder_version=\u00bb4.27.6&#8243; text_font=\u00bbOpen Sans||||||||\u00bb header_font=\u00bbOpen Sans Condensed||||||||\u00bb header_3_font=\u00bbOpen Sans Condensed|700|||||||\u00bb header_3_text_align=\u00bbcenter\u00bb text_orientation=\u00bbjustified\u00bb global_colors_info=\u00bb{}\u00bb]<\/p>\n<h2><strong>DERECHO DE DESISTIMIENTO:<\/strong><\/h2>\n<p>Seg\u00fan la normativa europea, el derecho de desistimiento de 14 d\u00edas no se aplica a actividades de ocio con fecha concreta.<br \/>Al reservar, aceptas esta condici\u00f3n.<\/p>\n<p>.<\/p>\n<p>[\/et_pb_text][\/et_pb_column][et_pb_column type=\u00bb1_3&#8243; _builder_version=\u00bb4.16&#8243; custom_padding=\u00bb|||\u00bb global_colors_info=\u00bb{}\u00bb custom_padding__hover=\u00bb|||\u00bb][et_pb_text _builder_version=\u00bb4.27.6&#8243; text_font=\u00bbOpen Sans||||||||\u00bb header_font=\u00bbOpen Sans Condensed||||||||\u00bb header_3_font=\u00bbOpen Sans Condensed|700|||||||\u00bb header_3_text_align=\u00bbcenter\u00bb text_orientation=\u00bbjustified\u00bb global_colors_info=\u00bb{}\u00bb]<\/p>\n<h2><strong>CANCELACIONES POR PARTE DEL PARTICIPANTE:<\/strong><\/h2>\n<p>Dado que se trata de una experiencia con plazas muy limitadas y fechas cerradas:<\/p>\n<ul>\n<li>La inscripci\u00f3n es <strong>no reembolsable<\/strong><\/li>\n<li>No es posible cambiar la fecha ni transferirla a otro programa<\/li>\n<li>En caso de no presentarse en el lugar de encuentro y hora el d\u00eda de inicio, el estudiante es responsable de buscar transporte hasta el lugar de la inmersi\u00f3n, sin derecho a reclamar devoluci\u00f3n del importe del transporte no disfrutado.<\/li>\n<li>En caso de lesi\u00f3n o incompatibilidad para hacer alguna de las actividades detalladas en el programa, no se podr\u00e1 reclamar devoluci\u00f3n de dichas actividades no disfrutadas.<\/li>\n<\/ul>\n<p>Te recomendamos contratar un <strong>seguro de viaje<\/strong> por si surge alg\u00fan imprevisto.<\/p>\n<p>[\/et_pb_text][et_pb_text _builder_version=\u00bb4.27.6&#8243; text_font=\u00bbOpen Sans||||||||\u00bb header_font=\u00bbOpen Sans Condensed||||||||\u00bb header_3_font=\u00bbOpen Sans Condensed|700|||||||\u00bb header_3_text_align=\u00bbcenter\u00bb text_orientation=\u00bbjustified\u00bb global_colors_info=\u00bb{}\u00bb]<\/p>\n<h2><strong>CAMBIOS O CANCELACIONES POR NUESTRA PARTE:<\/strong><\/h2>\n<p>Si por causas excepcionales (clima, fuerza mayor, etc.) no pudi\u00e9ramos iniciar ni realizar la inmersi\u00f3n:<\/p>\n<ul>\n<li>Te ofreceremos una alternativa o<\/li>\n<li>un <strong>reembolso de los servicios no disfrutados que sean susceptibles de cancelaci\u00f3n.<\/strong><\/li>\n<\/ul>\n<p>Si por causas climatol\u00f3gicas no pudi\u00e9ramos realizar las actividades de senderismo, estando ya en el lugar de la inmersi\u00f3n, ofreceremos actividades alternativas como oleoturismo, vista a Museos, bodegas de vino, actividades de cocina tradicional con locales o talleres de artesan\u00eda.<\/p>\n<p>[\/et_pb_text][\/et_pb_column][et_pb_column type=\u00bb1_3&#8243; _builder_version=\u00bb4.27.6&#8243; _module_preset=\u00bbdefault\u00bb global_colors_info=\u00bb{}\u00bb][et_pb_text _builder_version=\u00bb4.27.6&#8243; text_font=\u00bbOpen Sans||||||||\u00bb header_font=\u00bbOpen Sans Condensed||||||||\u00bb header_3_font=\u00bbOpen Sans Condensed|700|||||||\u00bb header_3_text_align=\u00bbcenter\u00bb text_orientation=\u00bbjustified\u00bb global_colors_info=\u00bb{}\u00bb]<\/p>\n<h2><strong>PROTECCI\u00d3N DE DATOS:<\/strong><\/h2>\n<p>Tus datos ser\u00e1n tratados de forma confidencial y solo para la gesti\u00f3n del curso.<\/p>\n<p>[\/et_pb_text][et_pb_text _builder_version=\u00bb4.27.6&#8243; text_font=\u00bbOpen Sans||||||||\u00bb header_font=\u00bbOpen Sans Condensed||||||||\u00bb header_3_font=\u00bbOpen Sans Condensed|700|||||||\u00bb header_3_text_align=\u00bbcenter\u00bb text_orientation=\u00bbjustified\u00bb global_colors_info=\u00bb{}\u00bb]<\/p>\n<h2><strong>USO DE IM\u00c1GENES Y MATERIAL AUDIOVISUAL:<\/strong><\/h2>\n<p>Durante el desarrollo de la experiencia, se podr\u00e1n realizar fotograf\u00edas y grabaciones de v\u00eddeo con fines promocionales y comerciales. Al participar en el curso, autorizas a la organizaci\u00f3n a utilizar tu imagen y\/o voz en dichos materiales para su difusi\u00f3n en la p\u00e1gina web, redes sociales y otros soportes de comunicaci\u00f3n. Este uso se realizar\u00e1 siempre de forma respetuosa y no lesiva para tu imagen personal. Si prefieres no aparecer en este tipo de contenidos, deber\u00e1s comunicarlo previamente por escrito a la organizaci\u00f3n.<\/p>\n<p>[\/et_pb_text][et_pb_text _builder_version=\u00bb4.27.6&#8243; text_font=\u00bbOpen Sans||||||||\u00bb header_font=\u00bbOpen Sans Condensed||||||||\u00bb header_3_font=\u00bbOpen Sans Condensed|700|||||||\u00bb header_3_text_align=\u00bbcenter\u00bb text_orientation=\u00bbjustified\u00bb global_colors_info=\u00bb{}\u00bb]<\/p>\n<h2><strong>ACEPTACI\u00d3N:<\/strong><\/h2>\n<p>Al reservar tu plaza, aceptas estas condiciones.<\/p>\n<p>[\/et_pb_text][et_pb_text admin_label=\u00bbText\u00bb _builder_version=\u00bb4.16&#8243; background_size=\u00bbinitial\u00bb background_position=\u00bbtop_left\u00bb background_repeat=\u00bbrepeat\u00bb global_colors_info=\u00bb{}\u00bb]&nbsp;<\/p>\n<p>&nbsp;<\/p>\n<p><!-- List Panel --><\/p>\n<form class=\"wpcf7-form\" action=\"\/wp-admin\/admin-ajax.php?_panelsnonce=f592f5f523#wpcf7-f3466-o1\" method=\"post\" novalidate=\"novalidate\">&nbsp;<\/p>\n<\/form>\n<p>[\/et_pb_text][\/et_pb_column][\/et_pb_row][\/et_pb_section]<\/p>\n","protected":false},"excerpt":{"rendered":"<p>Estas son las condiciones generales de Agualivar Spanish School SL. con CIF B93595254, inscrita en el Registro Mercantil el 5 de febrero de 2018 y con domicilio en \u00abLas Chorreras 73, Lagos-29760, M\u00e1laga. Espa\u00f1a\u00bbSOBRE EL PROGRAMA DE INMERSI\u00d3N: Este curso es una experiencia \u00fanica de inmersi\u00f3n en espa\u00f1ol en plena naturaleza, combinando senderismo con actividades [&hellip;]<\/p>\n","protected":false},"author":2,"featured_media":0,"parent":7758,"menu_order":0,"comment_status":"closed","ping_status":"closed","template":"","meta":{"_et_pb_use_builder":"on","_et_pb_old_content":"<h3 class=\"title\" style=\"color: #8fa706;\">General conditions<\/h3>\r\n<p>These are the general conditions for Agualivar Spanish School S.L. with CIF B93595254 registered in the Mercantile Registry on 5 February 2018 and with address \"Las Chorreras 73, Lagos-29760, M\u00e1laga. Espa\u00f1a\"<\/p>\r\n<p><strong>PRICES AND PAYMENTS:<\/strong><\/p>\r\n<p>You can see the price of our programs clicking on the number of students and weeks.<\/p>\r\n<p>The course fee is payable in full no less than four weeks before the start date of the course. We reserve the right to cancel any course that has not been paid on time and correctly.<\/p>\r\n<p>All bank charges will be responsability of the student. In the case the bank charges us a commission for receipt of the student payment, we reserve the right to charge them this sum upon their arrival.<\/p>\r\n<p>Prices are valid until 31st of December 2018.<\/p>\r\n<p>Agualivar is not responsible for printing errors that may appear or for errors in publications by third parties.<\/p>\r\n<p><strong>CANCELLATIONS AND REFUNDS:<\/strong><\/p>\r\n<p>The deposit fee (15%) will not be refund in any case.<\/p>\r\n<p>Cancellations must be made in writing (letter, telegram, e-mail or fax). Written evidence of the cancellation is required and therefore cancellations made by telephone will not be deemed valid.<\/p>\r\n<p>In case of cancellations, we will refund you the following amounts depending on the dates:<\/p>\r\n<p>100% of the total amount (except the deposit) before 4 weeks of the starting date.<\/p>\r\n<p>20% of the total amount (except the deposit) between 29 and 15 days before the starting date.<\/p>\r\n<p>No refund shall be granted in the two weeks prior to the start of the course.<\/p>\r\n<p><strong>ADMISSION OR EXPULSION:<\/strong><\/p>\r\n<p>Agualivar reserves the right to accept students aged 16 or under in exceptional cases.<\/p>\r\n<p>In cases of serious disciplinary offence, repeated bad behavior or infringement of the rules of Agualivar school, the student will be expelled from the school and accommodation without the right to a refund.<\/p>\r\n<p>In case damages are caused to third parties, all expenses incurred by Agualivar and originating from the mentioned incident will be charged to the student, who will have no right to later claims.<\/p>\r\n<p>At Agualivar, the respect for the rules is essential. Students study and live with our family, sharing the commun spaces. If students don't follow the rules established, it will be cause for expulsion without right to refund. Some examples of bad behaviors are: having guests stay overnight, making loud noises, smoking in bedrooms, having parties, the consumption of alcohol, the consumption of any narcotic or harmful substance, any other conduct that Agualivar considers inappropriate.<\/p>\r\n<p><strong>OTHER TERMS AND CONDITIONS:<\/strong><\/p>\r\n<p><strong>TRAVEL INSURANCE COVERAGE:<\/strong> Agualivar Spanish School reccommends all students to have a medical and personal liability insurance coverage.<\/p>\r\n<p><strong>PHOTOGRAPHY AND FILM MATERIAL:<\/strong> By accepting Agualivar Spanish School terms and conditions, the student accepts that Agualivar Spanish School freely can use this material, that has been created by Agualivar's staff without asking further approval from the student.<\/p>\r\n<p><strong>LIABILITY AND FORCE MAJEURE:<\/strong> Agualivar Spanish School will not be liable or responsible for any loss, damage, inconvenience, delay in performance, or failure to perform in connection with the provision of any goods or services due to causes beyond Agualivar\u2019s reasonable control, including but not limited to force majeure, fire, natural disaster, acts of government, failure of suppliers or subcontractors, labor disputes or civil unrest, criminal, terrorist or threatened terrorist activities of any kind, public health emergencies, any negligent or willful act or failure to act by any third party, or any other cause beyond the direct control of Agualivar Spanish School. These conditions do not affect your rights as defined by the consumer protection laws in your host country.<\/p>\r\n<p>\u00a0<\/p>\r\n<p><!-- List Panel --><\/p>\r\n<form class=\"wpcf7-form\" action=\"\/wp-admin\/admin-ajax.php?_panelsnonce=f592f5f523#wpcf7-f3466-o1\" method=\"post\" novalidate=\"novalidate\">\r\n<p>\u00a0<\/p>\r\n<\/form>","_et_gb_content_width":"","footnotes":""},"class_list":["post-12937","page","type-page","status-publish","hentry"],"yoast_head":"<!-- This site is optimized with the Yoast SEO plugin v27.5 - https:\/\/yoast.com\/product\/yoast-seo-wordpress\/ -->\n<title>Condiciones Generales espa\u00f1ol y senderismo - Agualivar Spanish School<\/title>\n<meta name=\"robots\" content=\"index, follow, max-snippet:-1, max-image-preview:large, max-video-preview:-1\" \/>\n<link rel=\"canonical\" href=\"https:\/\/spanishinagualivar.com\/es\/inscribete-ya\/condiciones-generales-espanol-senderismo\/\" \/>\n<meta property=\"og:locale\" content=\"es_ES\" \/>\n<meta property=\"og:type\" content=\"article\" \/>\n<meta property=\"og:title\" content=\"Condiciones Generales espa\u00f1ol y senderismo - Agualivar Spanish School\" \/>\n<meta property=\"og:description\" content=\"Estas son las condiciones generales de Agualivar Spanish School SL. con CIF B93595254, inscrita en el Registro Mercantil el 5 de febrero de 2018 y con domicilio en &quot;Las Chorreras 73, Lagos-29760, M\u00e1laga. Espa\u00f1a&quot;SOBRE EL PROGRAMA DE INMERSI\u00d3N: Este curso es una experiencia \u00fanica de inmersi\u00f3n en espa\u00f1ol en plena naturaleza, combinando senderismo con actividades [&hellip;]\" \/>\n<meta property=\"og:url\" content=\"https:\/\/spanishinagualivar.com\/es\/inscribete-ya\/condiciones-generales-espanol-senderismo\/\" \/>\n<meta property=\"og:site_name\" content=\"Agualivar Spanish School\" \/>\n<meta property=\"article:modified_time\" content=\"2026-05-14T13:42:10+00:00\" \/>\n<meta name=\"twitter:card\" content=\"summary_large_image\" \/>\n<meta name=\"twitter:label1\" content=\"Tiempo de lectura\" \/>\n\t<meta name=\"twitter:data1\" content=\"3 minutos\" \/>\n<script type=\"application\/ld+json\" class=\"yoast-schema-graph\">{\"@context\":\"https:\\\/\\\/schema.org\",\"@graph\":[{\"@type\":\"WebPage\",\"@id\":\"https:\\\/\\\/spanishinagualivar.com\\\/es\\\/inscribete-ya\\\/condiciones-generales-espanol-senderismo\\\/\",\"url\":\"https:\\\/\\\/spanishinagualivar.com\\\/es\\\/inscribete-ya\\\/condiciones-generales-espanol-senderismo\\\/\",\"name\":\"Condiciones Generales espa\u00f1ol y senderismo - Agualivar Spanish School\",\"isPartOf\":{\"@id\":\"https:\\\/\\\/spanishinagualivar.com\\\/es\\\/#website\"},\"datePublished\":\"2026-05-14T13:13:22+00:00\",\"dateModified\":\"2026-05-14T13:42:10+00:00\",\"breadcrumb\":{\"@id\":\"https:\\\/\\\/spanishinagualivar.com\\\/es\\\/inscribete-ya\\\/condiciones-generales-espanol-senderismo\\\/#breadcrumb\"},\"inLanguage\":\"es\",\"potentialAction\":[{\"@type\":\"ReadAction\",\"target\":[\"https:\\\/\\\/spanishinagualivar.com\\\/es\\\/inscribete-ya\\\/condiciones-generales-espanol-senderismo\\\/\"]}]},{\"@type\":\"BreadcrumbList\",\"@id\":\"https:\\\/\\\/spanishinagualivar.com\\\/es\\\/inscribete-ya\\\/condiciones-generales-espanol-senderismo\\\/#breadcrumb\",\"itemListElement\":[{\"@type\":\"ListItem\",\"position\":1,\"name\":\"Home\",\"item\":\"https:\\\/\\\/spanishinagualivar.com\\\/es\\\/learn-spanish-malaga\\\/\"},{\"@type\":\"ListItem\",\"position\":2,\"name\":\"\u00a1Inscr\u00edbete ya!\",\"item\":\"https:\\\/\\\/spanishinagualivar.com\\\/es\\\/inscribete-ya\\\/\"},{\"@type\":\"ListItem\",\"position\":3,\"name\":\"Condiciones Generales espa\u00f1ol y senderismo\"}]},{\"@type\":\"WebSite\",\"@id\":\"https:\\\/\\\/spanishinagualivar.com\\\/es\\\/#website\",\"url\":\"https:\\\/\\\/spanishinagualivar.com\\\/es\\\/\",\"name\":\"Agualivar Spanish School\",\"description\":\"Spanish immersion in Spain\",\"potentialAction\":[{\"@type\":\"SearchAction\",\"target\":{\"@type\":\"EntryPoint\",\"urlTemplate\":\"https:\\\/\\\/spanishinagualivar.com\\\/es\\\/?s={search_term_string}\"},\"query-input\":{\"@type\":\"PropertyValueSpecification\",\"valueRequired\":true,\"valueName\":\"search_term_string\"}}],\"inLanguage\":\"es\"}]}<\/script>\n<!-- \/ Yoast SEO plugin. -->","yoast_head_json":{"title":"Condiciones Generales espa\u00f1ol y senderismo - Agualivar Spanish School","robots":{"index":"index","follow":"follow","max-snippet":"max-snippet:-1","max-image-preview":"max-image-preview:large","max-video-preview":"max-video-preview:-1"},"canonical":"https:\/\/spanishinagualivar.com\/es\/inscribete-ya\/condiciones-generales-espanol-senderismo\/","og_locale":"es_ES","og_type":"article","og_title":"Condiciones Generales espa\u00f1ol y senderismo - Agualivar Spanish School","og_description":"Estas son las condiciones generales de Agualivar Spanish School SL. con CIF B93595254, inscrita en el Registro Mercantil el 5 de febrero de 2018 y con domicilio en \"Las Chorreras 73, Lagos-29760, M\u00e1laga. Espa\u00f1a\"SOBRE EL PROGRAMA DE INMERSI\u00d3N: Este curso es una experiencia \u00fanica de inmersi\u00f3n en espa\u00f1ol en plena naturaleza, combinando senderismo con actividades [&hellip;]","og_url":"https:\/\/spanishinagualivar.com\/es\/inscribete-ya\/condiciones-generales-espanol-senderismo\/","og_site_name":"Agualivar Spanish School","article_modified_time":"2026-05-14T13:42:10+00:00","twitter_card":"summary_large_image","twitter_misc":{"Tiempo de lectura":"3 minutos"},"schema":{"@context":"https:\/\/schema.org","@graph":[{"@type":"WebPage","@id":"https:\/\/spanishinagualivar.com\/es\/inscribete-ya\/condiciones-generales-espanol-senderismo\/","url":"https:\/\/spanishinagualivar.com\/es\/inscribete-ya\/condiciones-generales-espanol-senderismo\/","name":"Condiciones Generales espa\u00f1ol y senderismo - Agualivar Spanish School","isPartOf":{"@id":"https:\/\/spanishinagualivar.com\/es\/#website"},"datePublished":"2026-05-14T13:13:22+00:00","dateModified":"2026-05-14T13:42:10+00:00","breadcrumb":{"@id":"https:\/\/spanishinagualivar.com\/es\/inscribete-ya\/condiciones-generales-espanol-senderismo\/#breadcrumb"},"inLanguage":"es","potentialAction":[{"@type":"ReadAction","target":["https:\/\/spanishinagualivar.com\/es\/inscribete-ya\/condiciones-generales-espanol-senderismo\/"]}]},{"@type":"BreadcrumbList","@id":"https:\/\/spanishinagualivar.com\/es\/inscribete-ya\/condiciones-generales-espanol-senderismo\/#breadcrumb","itemListElement":[{"@type":"ListItem","position":1,"name":"Home","item":"https:\/\/spanishinagualivar.com\/es\/learn-spanish-malaga\/"},{"@type":"ListItem","position":2,"name":"\u00a1Inscr\u00edbete ya!","item":"https:\/\/spanishinagualivar.com\/es\/inscribete-ya\/"},{"@type":"ListItem","position":3,"name":"Condiciones Generales espa\u00f1ol y senderismo"}]},{"@type":"WebSite","@id":"https:\/\/spanishinagualivar.com\/es\/#website","url":"https:\/\/spanishinagualivar.com\/es\/","name":"Agualivar Spanish School","description":"Spanish immersion in Spain","potentialAction":[{"@type":"SearchAction","target":{"@type":"EntryPoint","urlTemplate":"https:\/\/spanishinagualivar.com\/es\/?s={search_term_string}"},"query-input":{"@type":"PropertyValueSpecification","valueRequired":true,"valueName":"search_term_string"}}],"inLanguage":"es"}]}},"_links":{"self":[{"href":"https:\/\/spanishinagualivar.com\/es\/wp-json\/wp\/v2\/pages\/12937","targetHints":{"allow":["GET"]}}],"collection":[{"href":"https:\/\/spanishinagualivar.com\/es\/wp-json\/wp\/v2\/pages"}],"about":[{"href":"https:\/\/spanishinagualivar.com\/es\/wp-json\/wp\/v2\/types\/page"}],"author":[{"embeddable":true,"href":"https:\/\/spanishinagualivar.com\/es\/wp-json\/wp\/v2\/users\/2"}],"replies":[{"embeddable":true,"href":"https:\/\/spanishinagualivar.com\/es\/wp-json\/wp\/v2\/comments?post=12937"}],"version-history":[{"count":4,"href":"https:\/\/spanishinagualivar.com\/es\/wp-json\/wp\/v2\/pages\/12937\/revisions"}],"predecessor-version":[{"id":12942,"href":"https:\/\/spanishinagualivar.com\/es\/wp-json\/wp\/v2\/pages\/12937\/revisions\/12942"}],"up":[{"embeddable":true,"href":"https:\/\/spanishinagualivar.com\/es\/wp-json\/wp\/v2\/pages\/7758"}],"wp:attachment":[{"href":"https:\/\/spanishinagualivar.com\/es\/wp-json\/wp\/v2\/media?parent=12937"}],"curies":[{"name":"wp","href":"https:\/\/api.w.org\/{rel}","templated":true}]}}